{"id":4319,"date":"2020-08-13T17:55:32","date_gmt":"2020-08-13T15:55:32","guid":{"rendered":"https:\/\/tonalibus.org\/?page_id=4319"},"modified":"2022-08-11T15:01:03","modified_gmt":"2022-08-11T13:01:03","slug":"ionian-diatonic-major-loops","status":"publish","type":"page","link":"https:\/\/tonalibus.org\/it\/tonalities\/diatonic-heptatonalities\/ionian-diatonic-major\/ionian-diatonic-major-loops\/","title":{"rendered":"Ionio (maggiore diatonico) come loop"},"content":{"rendered":"<h2 class=\"wp-block-heading\" id=\"sound-sample-loops-of-ionian-or-diatonic-major-a-diatonic-heptatonality\"><mark style=\"background-color:rgba(0, 0, 0, 0);color:#f7b320\" class=\"has-inline-color\">Campioni sonori come loop di <\/mark><a href=\"https:\/\/tonalibus.org\/it\/tonalities\/diatonic-heptatonalities\/ionian\/\"><mark style=\"background-color:rgba(0, 0, 0, 0);color:#f7b320\" class=\"has-inline-color\">Ionio<\/mark><\/a><mark style=\"background-color:rgba(0, 0, 0, 0);color:#f7b320\" class=\"has-inline-color\"> o maggiore diatonico, una <\/mark><a href=\"https:\/\/tonalibus.org\/it\/tonalities\/diatonic-heptatonalities\/\"><mark style=\"background-color:rgba(0, 0, 0, 0);color:#f7b320\" class=\"has-inline-color\">eptatonalit\u00e0 diatonica regolare<\/mark><\/a><\/h2>\n\n\n\n<div style=\"height:15px\" aria-hidden=\"true\" class=\"wp-block-spacer\"><\/div>\n\n\n\n<figure class=\"wp-block-audio\"><audio controls src=\"https:\/\/tonalibus.org\/wp-content\/uploads\/2022\/08\/2022-08-10-7G-ION-2-loop.mp3\" loop><\/audio><figcaption><mark style=\"background-color:rgba(0, 0, 0, 0);color:#f7b320\" class=\"has-inline-color\">3) Ionio \u2013 campione sonoro extra esteso \u2013 chitarra a 7 corde \u2013 agosto 2022 \u2013 9:51 loop<\/mark><\/figcaption><\/figure>\n\n\n\n<figure class=\"wp-block-audio\"><audio controls src=\"https:\/\/tonalibus.org\/wp-content\/uploads\/2021\/02\/2021-02-23-Ionian-parayer-loop.mp3\" loop><\/audio><figcaption><mark style=\"background-color:rgba(0, 0, 0, 0);color:#f7b320\" class=\"has-inline-color\">2) Ionio \u2013 campione sonoro extra \u2013 chitarra a 8 corde \u2013 febbraio 2021 \u2013 4:44 loop<\/mark><\/figcaption><\/figure>\n\n\n\n<figure class=\"wp-block-audio\"><audio controls src=\"https:\/\/tonalibus.org\/wp-content\/uploads\/2020\/06\/Ionian2.wav\" loop><\/audio><figcaption><mark style=\"background-color:rgba(0, 0, 0, 0);color:#f7b320\" class=\"has-inline-color\">1)<\/mark> <mark style=\"background-color:rgba(0, 0, 0, 0);color:#f7b320\" class=\"has-inline-color\">Ionio \u2013 campione sonoro breve \u2013 0:42 loop \u2013 suona fino a quando non si ferma o passa ad un'altra pagina in questa scheda.<\/mark><\/figcaption><\/figure>\n\n\n\n<div style=\"height:36px\" aria-hidden=\"true\" class=\"wp-block-spacer\"><\/div>\n\n\n\n<p class=\"has-text-color\" style=\"color:#f7b320\"><mark style=\"background-color:rgba(0, 0, 0, 0);color:#f7b320\" class=\"has-inline-color\"><mark style=\"background-color:rgba(0, 0, 0, 0);color:#f7b320\" class=\"has-inline-color\">Puoi goderti un campione sonoro o un loop di tonalit\u00e0 come mantra sonoro per <\/mark><a href=\"https:\/\/it.wikipedia.org\/wiki\/Contemplazione\" target=\"_blank\" rel=\"noreferrer noopener\"><mark style=\"background-color:rgba(0, 0, 0, 0);color:#f7b320\" class=\"has-inline-color\">la contemplazione<\/mark><\/a><mark style=\"background-color:rgba(0, 0, 0, 0);color:#f7b320\" class=\"has-inline-color\"> o <\/mark><a href=\"https:\/\/it.wikipedia.org\/wiki\/Meditazione\" target=\"_blank\" rel=\"noreferrer noopener\"><mark style=\"background-color:rgba(0, 0, 0, 0);color:#f7b320\" class=\"has-inline-color\">la meditazione<\/mark><\/a><mark style=\"background-color:rgba(0, 0, 0, 0);color:#f7b320\" class=\"has-inline-color\">. Questo potrebbe aiutare con il sollevamento, la purificazione e la messa a fuoco. O pu\u00f2 semplicemente essere usato come sottofondo calmante per rilassarsi e rigenerarsi. Se hai voglia di canticchiare o cantare insieme, potresti farlo usando una sillaba spiritualmente caricata come <\/mark><em><a href=\"https:\/\/tonalibus.org\/it\/about-tonalibus\/ulrico\/hu-mantra-of-soul\/\"><mark style=\"background-color:rgba(0, 0, 0, 0);color:#f7b320\" class=\"has-inline-color\">HU<\/mark><\/a><\/em><mark style=\"background-color:rgba(0, 0, 0, 0);color:#f7b320\" class=\"has-inline-color\"> o <\/mark><a href=\"https:\/\/it.wikipedia.org\/wiki\/Om_(induismo)\" target=\"_blank\" rel=\"noreferrer noopener\"><em><mark style=\"background-color:rgba(0, 0, 0, 0);color:#f7b320\" class=\"has-inline-color\">\u014c\u1e41 \/ Aum<\/mark><\/em><\/a><mark style=\"background-color:rgba(0, 0, 0, 0);color:#f7b320\" class=\"has-inline-color\"> \u0950,<\/mark> o un'altra sillaba mantra che ti piace.<\/mark><\/p>","protected":false},"excerpt":{"rendered":"<p>Loop di campioni sonori di Ionio o diatonica maggiore, un'eptatonalit\u00e0 diatonica Potreste apprezzare un campione sonoro o un loop di tonalit\u00e0 come mantra sonoro per la contemplazione o la meditazione. Pu\u00f2 essere utile per l'elevazione, la purificazione e la concentrazione. Oppure pu\u00f2 essere semplicemente usato come sottofondo rilassante per rilassarsi e rigenerarsi. Se volete canticchiare, cantare, ... <\/p>\n<p class=\"link-more\"><a href=\"https:\/\/tonalibus.org\/it\/tonalities\/diatonic-heptatonalities\/ionian-diatonic-major\/ionian-diatonic-major-loops\/\" class=\"more-link\">Leggi tutto<span class=\"screen-reader-text\"> \"Loop ionico (diatonico maggiore)\".<\/span><\/a><\/p>","protected":false},"author":1,"featured_media":0,"parent":557,"menu_order":0,"comment_status":"closed","ping_status":"closed","template":"","meta":{"footnotes":""},"class_list":["post-4319","page","type-page","status-publish","hentry"],"yoast_head":"<!-- This site is optimized with the Yoast SEO plugin v27.4 - https:\/\/yoast.com\/product\/yoast-seo-wordpress\/ -->\n<title>Ionian (diatonic major) loops &#8211; TONALIBUS Harmony<\/title>\n<meta name=\"description\" content=\"This page features Ionian (diatonic major) sound sample loops. You may enjoy a tonality loop as sound mantra for attunement.\" \/>\n<meta name=\"robots\" content=\"index, follow, max-snippet:-1, max-image-preview:large, max-video-preview:-1\" \/>\n<link rel=\"canonical\" href=\"https:\/\/tonalibus.org\/it\/tonalities\/diatonic-heptatonalities\/ionian-diatonic-major\/ionian-diatonic-major-loops\/\" \/>\n<meta property=\"og:locale\" content=\"it_IT\" \/>\n<meta property=\"og:type\" content=\"article\" \/>\n<meta property=\"og:title\" content=\"Ionian (diatonic major) loops &#8211; TONALIBUS Harmony\" \/>\n<meta property=\"og:description\" content=\"This page features Ionian (diatonic major) sound sample loops. You may enjoy a tonality loop as sound mantra for attunement.\" \/>\n<meta property=\"og:url\" content=\"https:\/\/tonalibus.org\/it\/tonalities\/diatonic-heptatonalities\/ionian-diatonic-major\/ionian-diatonic-major-loops\/\" \/>\n<meta property=\"og:site_name\" content=\"TONALIBUS\" \/>\n<meta property=\"article:modified_time\" content=\"2022-08-11T13:01:03+00:00\" \/>\n<meta name=\"twitter:card\" content=\"summary_large_image\" \/>\n<script type=\"application\/ld+json\" class=\"yoast-schema-graph\">{\"@context\":\"https:\\\/\\\/schema.org\",\"@graph\":[{\"@type\":\"WebPage\",\"@id\":\"https:\\\/\\\/tonalibus.org\\\/tonalities\\\/diatonic-heptatonalities\\\/ionian-diatonic-major\\\/ionian-diatonic-major-loops\\\/\",\"url\":\"https:\\\/\\\/tonalibus.org\\\/tonalities\\\/diatonic-heptatonalities\\\/ionian-diatonic-major\\\/ionian-diatonic-major-loops\\\/\",\"name\":\"Ionian (diatonic major) loops &#8211; TONALIBUS Harmony\",\"isPartOf\":{\"@id\":\"https:\\\/\\\/tonalibus.org\\\/de\\\/#website\"},\"datePublished\":\"2020-08-13T15:55:32+00:00\",\"dateModified\":\"2022-08-11T13:01:03+00:00\",\"description\":\"This page features Ionian (diatonic major) sound sample loops. You may enjoy a tonality loop as sound mantra for attunement.\",\"breadcrumb\":{\"@id\":\"https:\\\/\\\/tonalibus.org\\\/tonalities\\\/diatonic-heptatonalities\\\/ionian-diatonic-major\\\/ionian-diatonic-major-loops\\\/#breadcrumb\"},\"inLanguage\":\"it-IT\",\"potentialAction\":[{\"@type\":\"ReadAction\",\"target\":[\"https:\\\/\\\/tonalibus.org\\\/tonalities\\\/diatonic-heptatonalities\\\/ionian-diatonic-major\\\/ionian-diatonic-major-loops\\\/\"]}]},{\"@type\":\"BreadcrumbList\",\"@id\":\"https:\\\/\\\/tonalibus.org\\\/tonalities\\\/diatonic-heptatonalities\\\/ionian-diatonic-major\\\/ionian-diatonic-major-loops\\\/#breadcrumb\",\"itemListElement\":[{\"@type\":\"ListItem\",\"position\":1,\"name\":\"Home\",\"item\":\"https:\\\/\\\/tonalibus.org\\\/\"},{\"@type\":\"ListItem\",\"position\":2,\"name\":\"Tonalities\",\"item\":\"https:\\\/\\\/tonalibus.org\\\/tonalities\\\/\"},{\"@type\":\"ListItem\",\"position\":3,\"name\":\"Diatonic Heptatonalities\",\"item\":\"https:\\\/\\\/tonalibus.org\\\/tonalities\\\/diatonic-heptatonalities\\\/\"},{\"@type\":\"ListItem\",\"position\":4,\"name\":\"Ionian (diatonic major)\",\"item\":\"https:\\\/\\\/tonalibus.org\\\/tonalities\\\/diatonic-heptatonalities\\\/ionian-diatonic-major\\\/\"},{\"@type\":\"ListItem\",\"position\":5,\"name\":\"Ionian (diatonic major) loops\"}]},{\"@type\":\"WebSite\",\"@id\":\"https:\\\/\\\/tonalibus.org\\\/de\\\/#website\",\"url\":\"https:\\\/\\\/tonalibus.org\\\/de\\\/\",\"name\":\"TONALIBUS\",\"description\":\"Anchored Harmony and Tonalities\",\"publisher\":{\"@id\":\"https:\\\/\\\/tonalibus.org\\\/de\\\/#\\\/schema\\\/person\\\/749261d7bc96d1f00127273f83ab96a4\"},\"potentialAction\":[{\"@type\":\"SearchAction\",\"target\":{\"@type\":\"EntryPoint\",\"urlTemplate\":\"https:\\\/\\\/tonalibus.org\\\/de\\\/?s={search_term_string}\"},\"query-input\":{\"@type\":\"PropertyValueSpecification\",\"valueRequired\":true,\"valueName\":\"search_term_string\"}}],\"inLanguage\":\"it-IT\"},{\"@type\":[\"Person\",\"Organization\"],\"@id\":\"https:\\\/\\\/tonalibus.org\\\/de\\\/#\\\/schema\\\/person\\\/749261d7bc96d1f00127273f83ab96a4\",\"name\":\"Ulrico\",\"image\":{\"@type\":\"ImageObject\",\"inLanguage\":\"it-IT\",\"@id\":\"https:\\\/\\\/tonalibus.org\\\/wp-content\\\/uploads\\\/2020\\\/06\\\/uli-pix.jpg\",\"url\":\"https:\\\/\\\/tonalibus.org\\\/wp-content\\\/uploads\\\/2020\\\/06\\\/uli-pix.jpg\",\"contentUrl\":\"https:\\\/\\\/tonalibus.org\\\/wp-content\\\/uploads\\\/2020\\\/06\\\/uli-pix.jpg\",\"width\":960,\"height\":720,\"caption\":\"Ulrico\"},\"logo\":{\"@id\":\"https:\\\/\\\/tonalibus.org\\\/wp-content\\\/uploads\\\/2020\\\/06\\\/uli-pix.jpg\"},\"sameAs\":[\"https:\\\/\\\/tonalibus.cyon.site\"]}]}<\/script>\n<!-- \/ Yoast SEO plugin. -->","yoast_head_json":{"title":"Loop ionico (diatonico maggiore) - Armonia TONALIBUS","description":"In questa pagina ci sono loop di campioni di suono ionico (diatonico maggiore). Si pu\u00f2 godere di un loop di tonalit\u00e0 come mantra sonoro per la sintonizzazione.","robots":{"index":"index","follow":"follow","max-snippet":"max-snippet:-1","max-image-preview":"max-image-preview:large","max-video-preview":"max-video-preview:-1"},"canonical":"https:\/\/tonalibus.org\/it\/tonalities\/diatonic-heptatonalities\/ionian-diatonic-major\/ionian-diatonic-major-loops\/","og_locale":"it_IT","og_type":"article","og_title":"Ionian (diatonic major) loops &#8211; TONALIBUS Harmony","og_description":"This page features Ionian (diatonic major) sound sample loops. You may enjoy a tonality loop as sound mantra for attunement.","og_url":"https:\/\/tonalibus.org\/it\/tonalities\/diatonic-heptatonalities\/ionian-diatonic-major\/ionian-diatonic-major-loops\/","og_site_name":"TONALIBUS","article_modified_time":"2022-08-11T13:01:03+00:00","twitter_card":"summary_large_image","schema":{"@context":"https:\/\/schema.org","@graph":[{"@type":"WebPage","@id":"https:\/\/tonalibus.org\/tonalities\/diatonic-heptatonalities\/ionian-diatonic-major\/ionian-diatonic-major-loops\/","url":"https:\/\/tonalibus.org\/tonalities\/diatonic-heptatonalities\/ionian-diatonic-major\/ionian-diatonic-major-loops\/","name":"Loop ionico (diatonico maggiore) - Armonia TONALIBUS","isPartOf":{"@id":"https:\/\/tonalibus.org\/de\/#website"},"datePublished":"2020-08-13T15:55:32+00:00","dateModified":"2022-08-11T13:01:03+00:00","description":"In questa pagina ci sono loop di campioni di suono ionico (diatonico maggiore). Si pu\u00f2 godere di un loop di tonalit\u00e0 come mantra sonoro per la sintonizzazione.","breadcrumb":{"@id":"https:\/\/tonalibus.org\/tonalities\/diatonic-heptatonalities\/ionian-diatonic-major\/ionian-diatonic-major-loops\/#breadcrumb"},"inLanguage":"it-IT","potentialAction":[{"@type":"ReadAction","target":["https:\/\/tonalibus.org\/tonalities\/diatonic-heptatonalities\/ionian-diatonic-major\/ionian-diatonic-major-loops\/"]}]},{"@type":"BreadcrumbList","@id":"https:\/\/tonalibus.org\/tonalities\/diatonic-heptatonalities\/ionian-diatonic-major\/ionian-diatonic-major-loops\/#breadcrumb","itemListElement":[{"@type":"ListItem","position":1,"name":"Home","item":"https:\/\/tonalibus.org\/"},{"@type":"ListItem","position":2,"name":"Tonalities","item":"https:\/\/tonalibus.org\/tonalities\/"},{"@type":"ListItem","position":3,"name":"Diatonic Heptatonalities","item":"https:\/\/tonalibus.org\/tonalities\/diatonic-heptatonalities\/"},{"@type":"ListItem","position":4,"name":"Ionian (diatonic major)","item":"https:\/\/tonalibus.org\/tonalities\/diatonic-heptatonalities\/ionian-diatonic-major\/"},{"@type":"ListItem","position":5,"name":"Ionian (diatonic major) loops"}]},{"@type":"WebSite","@id":"https:\/\/tonalibus.org\/de\/#website","url":"https:\/\/tonalibus.org\/de\/","name":"TONALIBUS","description":"Armonia e tonalit\u00e0 ancorate","publisher":{"@id":"https:\/\/tonalibus.org\/de\/#\/schema\/person\/749261d7bc96d1f00127273f83ab96a4"},"potentialAction":[{"@type":"SearchAction","target":{"@type":"EntryPoint","urlTemplate":"https:\/\/tonalibus.org\/de\/?s={search_term_string}"},"query-input":{"@type":"PropertyValueSpecification","valueRequired":true,"valueName":"search_term_string"}}],"inLanguage":"it-IT"},{"@type":["Person","Organization"],"@id":"https:\/\/tonalibus.org\/de\/#\/schema\/person\/749261d7bc96d1f00127273f83ab96a4","name":"Ulrico","image":{"@type":"ImageObject","inLanguage":"it-IT","@id":"https:\/\/tonalibus.org\/wp-content\/uploads\/2020\/06\/uli-pix.jpg","url":"https:\/\/tonalibus.org\/wp-content\/uploads\/2020\/06\/uli-pix.jpg","contentUrl":"https:\/\/tonalibus.org\/wp-content\/uploads\/2020\/06\/uli-pix.jpg","width":960,"height":720,"caption":"Ulrico"},"logo":{"@id":"https:\/\/tonalibus.org\/wp-content\/uploads\/2020\/06\/uli-pix.jpg"},"sameAs":["https:\/\/tonalibus.cyon.site"]}]}},"_links":{"self":[{"href":"https:\/\/tonalibus.org\/it\/wp-json\/wp\/v2\/pages\/4319","targetHints":{"allow":["GET"]}}],"collection":[{"href":"https:\/\/tonalibus.org\/it\/wp-json\/wp\/v2\/pages"}],"about":[{"href":"https:\/\/tonalibus.org\/it\/wp-json\/wp\/v2\/types\/page"}],"author":[{"embeddable":true,"href":"https:\/\/tonalibus.org\/it\/wp-json\/wp\/v2\/users\/1"}],"replies":[{"embeddable":true,"href":"https:\/\/tonalibus.org\/it\/wp-json\/wp\/v2\/comments?post=4319"}],"version-history":[{"count":0,"href":"https:\/\/tonalibus.org\/it\/wp-json\/wp\/v2\/pages\/4319\/revisions"}],"up":[{"embeddable":true,"href":"https:\/\/tonalibus.org\/it\/wp-json\/wp\/v2\/pages\/557"}],"wp:attachment":[{"href":"https:\/\/tonalibus.org\/it\/wp-json\/wp\/v2\/media?parent=4319"}],"curies":[{"name":"wp","href":"https:\/\/api.w.org\/{rel}","templated":true}]}}