{"id":4370,"date":"2020-08-13T21:05:06","date_gmt":"2020-08-13T19:05:06","guid":{"rendered":"https:\/\/tonalibus.org\/?page_id=4370"},"modified":"2024-08-25T21:16:59","modified_gmt":"2024-08-25T19:16:59","slug":"pentaprola-or-pentaion-pentatonic-major-loops","status":"publish","type":"page","link":"https:\/\/tonalibus.org\/it\/tonalities\/pentatonalities\/pentaprola-or-pentaion-pentatonic-major\/pentaprola-or-pentaion-pentatonic-major-loops\/","title":{"rendered":"PentaProLa o PentaIon (maggiore pentatonico) come loop"},"content":{"rendered":"<h2 class=\"wp-block-heading\" id=\"sound-sample-loops-of-pentaprola-pentaion-also-known-as-pentatonic-major-a-pentatonality\"><mark style=\"background-color:rgba(0, 0, 0, 0);color:#f7b320\" class=\"has-inline-color\">Campioni sonori come loop di <\/mark><a href=\"https:\/\/tonalibus.org\/it\/tonalities\/pentatonalities\/pentaprola-or-pentaion-pentatonic-major\/\"><mark style=\"background-color:rgba(0, 0, 0, 0);color:#f7b320\" class=\"has-inline-color\">PentaProLa \/ PentaIon<\/mark><\/a><mark style=\"background-color:rgba(0, 0, 0, 0);color:#f7b320\" class=\"has-inline-color\"> (noto anche come maggiore pentatonico), una <\/mark><a href=\"https:\/\/tonalibus.org\/it\/tonalities\/pentatonalities\/\"><mark style=\"background-color:rgba(0, 0, 0, 0);color:#f7b320\" class=\"has-inline-color\">pentatonalit\u00e0<\/mark><\/a><\/h2>\n\n\n\n<div style=\"height:15px\" aria-hidden=\"true\" class=\"wp-block-spacer\"><\/div>\n\n\n\n<figure class=\"wp-block-audio\"><audio controls src=\"https:\/\/tonalibus.org\/wp-content\/uploads\/2024\/08\/2024-08-20-TUKFEA.mp3\" loop preload=\"metadata\"><\/audio><figcaption class=\"wp-element-caption\"><mark style=\"background-color:rgba(0, 0, 0, 0);color:#f7b320\" class=\"has-inline-color\">4) PentaProLa \/ PentaIon<em> <\/em>(maggiore pentatonico) su La piatto (432 Hz) \u2013 ukulele tenore, fed\u00f3g (fischietto irlandese) \u2013 agosto 2024 \u2013 3:54 loop \u2013 titolo:<em> <\/em>\u201cBeatenberg Buddha bounce\u201d \u2013 ritornare al &amp; dal silenzio<\/mark><\/figcaption><\/figure>\n\n\n\n<figure class=\"wp-block-audio\"><audio controls src=\"https:\/\/tonalibus.org\/wp-content\/uploads\/2021\/03\/2021-03-15-G-Pentaion-calm-loop.mp3\" loop preload=\"metadata\"><\/audio><figcaption class=\"wp-element-caption\"><mark style=\"background-color:rgba(0, 0, 0, 0);color:#f7b320\" class=\"has-inline-color\">3) PentaProLa \/ PentaIon \u2013 secondo campione sonoro calmo \u2013 marzo 2021 \u2013 1:17 loop<\/mark><\/figcaption><\/figure>\n\n\n\n<figure class=\"wp-block-audio\"><audio controls src=\"https:\/\/tonalibus.org\/wp-content\/uploads\/2021\/03\/2021-03-15-G-Pentaion-rhythm-loop-x.mp3\" loop><\/audio><figcaption class=\"wp-element-caption\"><mark style=\"background-color:rgba(0, 0, 0, 0);color:#f7b320\" class=\"has-inline-color\">2) PentaProLa \/ PentaIon \u2013 campione sonoro ritmico \u2013 marzo 2021 \u2013 0:58 loop<\/mark><\/figcaption><\/figure>\n\n\n\n<figure class=\"wp-block-audio\"><audio controls src=\"https:\/\/tonalibus.org\/wp-content\/uploads\/2020\/06\/PentaIon2.wav\" loop><\/audio><figcaption class=\"wp-element-caption\"><mark style=\"background-color:rgba(0, 0, 0, 0);color:#f7b320\" class=\"has-inline-color\">1) PentaProLa \/ Pentaion \u2013 campione sonoro calmo \u2013 0:49 loop \u2013 suona fino a quando non si ferma o passa ad un'altra pagina in questa scheda.<\/mark><\/figcaption><\/figure>\n\n\n\n<div style=\"height:36px\" aria-hidden=\"true\" class=\"wp-block-spacer\"><\/div>\n\n\n\n<p class=\"has-text-color\" style=\"color:#f7b320\"><mark style=\"background-color:rgba(0, 0, 0, 0);color:#f7b320\" class=\"has-inline-color\"><mark style=\"background-color:rgba(0, 0, 0, 0);color:#f7b320\" class=\"has-inline-color\">Puoi goderti un campione sonoro o un loop di tonalit\u00e0 come mantra sonoro per <\/mark><a href=\"https:\/\/it.wikipedia.org\/wiki\/Contemplazione\" target=\"_blank\" rel=\"noreferrer noopener\"><mark style=\"background-color:rgba(0, 0, 0, 0);color:#f7b320\" class=\"has-inline-color\">la contemplazione<\/mark><\/a><mark style=\"background-color:rgba(0, 0, 0, 0);color:#f7b320\" class=\"has-inline-color\"> o <\/mark><a href=\"https:\/\/it.wikipedia.org\/wiki\/Meditazione\" target=\"_blank\" rel=\"noreferrer noopener\"><mark style=\"background-color:rgba(0, 0, 0, 0);color:#f7b320\" class=\"has-inline-color\">la meditazione<\/mark><\/a><mark style=\"background-color:rgba(0, 0, 0, 0);color:#f7b320\" class=\"has-inline-color\">. Questo potrebbe aiutare con il sollevamento, la purificazione e la messa a fuoco. O pu\u00f2 semplicemente essere usato come sottofondo calmante per rilassarsi e rigenerarsi. Se hai voglia di canticchiare o cantare insieme, potresti farlo usando una sillaba spiritualmente caricata come <\/mark><em><a href=\"https:\/\/tonalibus.org\/it\/about-tonalibus\/ulrico\/hu-mantra-of-soul\/\"><mark style=\"background-color:rgba(0, 0, 0, 0);color:#f7b320\" class=\"has-inline-color\">HU<\/mark><\/a><\/em><mark style=\"background-color:rgba(0, 0, 0, 0);color:#f7b320\" class=\"has-inline-color\"> o <\/mark><a href=\"https:\/\/it.wikipedia.org\/wiki\/Om_(induismo)\" target=\"_blank\" rel=\"noreferrer noopener\"><em><mark style=\"background-color:rgba(0, 0, 0, 0);color:#f7b320\" class=\"has-inline-color\">\u014c\u1e41 \/ Aum<\/mark><\/em><\/a><mark style=\"background-color:rgba(0, 0, 0, 0);color:#f7b320\" class=\"has-inline-color\"> \u0950,<\/mark> o un'altra sillaba mantra che ti piace.<\/mark><\/p>","protected":false},"excerpt":{"rendered":"<p>Loop di campioni sonori di PentaProLa \/ PentaIon (nota anche come pentatonica maggiore), una pentatonalit\u00e0 Potete apprezzare un campione sonoro o un loop di tonalit\u00e0 come mantra sonoro per la contemplazione o la meditazione. Pu\u00f2 essere utile per l'elevazione, la purificazione e la concentrazione. Oppure pu\u00f2 essere semplicemente utilizzato come sottofondo rilassante per rilassarsi e rigenerarsi. Se vi interessa ... <\/p>\n<p class=\"link-more\"><a href=\"https:\/\/tonalibus.org\/it\/tonalities\/pentatonalities\/pentaprola-or-pentaion-pentatonic-major\/pentaprola-or-pentaion-pentatonic-major-loops\/\" class=\"more-link\">Leggi tutto<span class=\"screen-reader-text\"> \"PentaProLa o PentaIon (pentatonica maggiore) loop\".<\/span><\/a><\/p>","protected":false},"author":1,"featured_media":0,"parent":668,"menu_order":0,"comment_status":"closed","ping_status":"closed","template":"","meta":{"footnotes":""},"class_list":["post-4370","page","type-page","status-publish","hentry"],"yoast_head":"<!-- This site is optimized with the Yoast SEO plugin v27.4 - https:\/\/yoast.com\/product\/yoast-seo-wordpress\/ -->\n<title>PentaProLa or PentaIon (pentatonic major) loops &#8211; TONALIBUS<\/title>\n<meta name=\"description\" content=\"This page features PentaProLa or PentaIOn (pentatonic major) sound sample loops. You may enjoy a tonality loop as sound mantra.\" \/>\n<meta name=\"robots\" content=\"index, follow, max-snippet:-1, max-image-preview:large, max-video-preview:-1\" \/>\n<link rel=\"canonical\" href=\"https:\/\/tonalibus.org\/it\/tonalities\/pentatonalities\/pentaprola-or-pentaion-pentatonic-major\/pentaprola-or-pentaion-pentatonic-major-loops\/\" \/>\n<meta property=\"og:locale\" content=\"it_IT\" \/>\n<meta property=\"og:type\" content=\"article\" \/>\n<meta property=\"og:title\" content=\"PentaProLa or PentaIon (pentatonic major) loops &#8211; TONALIBUS\" \/>\n<meta property=\"og:description\" content=\"This page features PentaProLa or PentaIOn (pentatonic major) sound sample loops. You may enjoy a tonality loop as sound mantra.\" \/>\n<meta property=\"og:url\" content=\"https:\/\/tonalibus.org\/it\/tonalities\/pentatonalities\/pentaprola-or-pentaion-pentatonic-major\/pentaprola-or-pentaion-pentatonic-major-loops\/\" \/>\n<meta property=\"og:site_name\" content=\"TONALIBUS\" \/>\n<meta property=\"article:modified_time\" content=\"2024-08-25T19:16:59+00:00\" \/>\n<meta name=\"twitter:card\" content=\"summary_large_image\" \/>\n<meta name=\"twitter:label1\" content=\"Tempo di lettura stimato\" \/>\n\t<meta name=\"twitter:data1\" content=\"1 minuto\" \/>\n<script type=\"application\/ld+json\" class=\"yoast-schema-graph\">{\"@context\":\"https:\\\/\\\/schema.org\",\"@graph\":[{\"@type\":\"WebPage\",\"@id\":\"https:\\\/\\\/tonalibus.org\\\/tonalities\\\/pentatonalities\\\/pentaprola-or-pentaion-pentatonic-major\\\/pentaprola-or-pentaion-pentatonic-major-loops\\\/\",\"url\":\"https:\\\/\\\/tonalibus.org\\\/tonalities\\\/pentatonalities\\\/pentaprola-or-pentaion-pentatonic-major\\\/pentaprola-or-pentaion-pentatonic-major-loops\\\/\",\"name\":\"PentaProLa or PentaIon (pentatonic major) loops &#8211; TONALIBUS\",\"isPartOf\":{\"@id\":\"https:\\\/\\\/tonalibus.org\\\/de\\\/#website\"},\"datePublished\":\"2020-08-13T19:05:06+00:00\",\"dateModified\":\"2024-08-25T19:16:59+00:00\",\"description\":\"This page features PentaProLa or PentaIOn (pentatonic major) sound sample loops. You may enjoy a tonality loop as sound mantra.\",\"breadcrumb\":{\"@id\":\"https:\\\/\\\/tonalibus.org\\\/tonalities\\\/pentatonalities\\\/pentaprola-or-pentaion-pentatonic-major\\\/pentaprola-or-pentaion-pentatonic-major-loops\\\/#breadcrumb\"},\"inLanguage\":\"it-IT\",\"potentialAction\":[{\"@type\":\"ReadAction\",\"target\":[\"https:\\\/\\\/tonalibus.org\\\/tonalities\\\/pentatonalities\\\/pentaprola-or-pentaion-pentatonic-major\\\/pentaprola-or-pentaion-pentatonic-major-loops\\\/\"]}]},{\"@type\":\"BreadcrumbList\",\"@id\":\"https:\\\/\\\/tonalibus.org\\\/tonalities\\\/pentatonalities\\\/pentaprola-or-pentaion-pentatonic-major\\\/pentaprola-or-pentaion-pentatonic-major-loops\\\/#breadcrumb\",\"itemListElement\":[{\"@type\":\"ListItem\",\"position\":1,\"name\":\"Home\",\"item\":\"https:\\\/\\\/tonalibus.org\\\/\"},{\"@type\":\"ListItem\",\"position\":2,\"name\":\"Tonalities\",\"item\":\"https:\\\/\\\/tonalibus.org\\\/tonalities\\\/\"},{\"@type\":\"ListItem\",\"position\":3,\"name\":\"Pentatonalities and Tetratonality\",\"item\":\"https:\\\/\\\/tonalibus.org\\\/tonalities\\\/pentatonalities\\\/\"},{\"@type\":\"ListItem\",\"position\":4,\"name\":\"PentaProLa or PentaIon (pentatonic major)\",\"item\":\"https:\\\/\\\/tonalibus.org\\\/tonalities\\\/pentatonalities\\\/pentaprola-or-pentaion-pentatonic-major\\\/\"},{\"@type\":\"ListItem\",\"position\":5,\"name\":\"PentaProLa or PentaIon (pentatonic major) loops\"}]},{\"@type\":\"WebSite\",\"@id\":\"https:\\\/\\\/tonalibus.org\\\/de\\\/#website\",\"url\":\"https:\\\/\\\/tonalibus.org\\\/de\\\/\",\"name\":\"TONALIBUS\",\"description\":\"Anchored Harmony and Tonalities\",\"publisher\":{\"@id\":\"https:\\\/\\\/tonalibus.org\\\/de\\\/#\\\/schema\\\/person\\\/749261d7bc96d1f00127273f83ab96a4\"},\"potentialAction\":[{\"@type\":\"SearchAction\",\"target\":{\"@type\":\"EntryPoint\",\"urlTemplate\":\"https:\\\/\\\/tonalibus.org\\\/de\\\/?s={search_term_string}\"},\"query-input\":{\"@type\":\"PropertyValueSpecification\",\"valueRequired\":true,\"valueName\":\"search_term_string\"}}],\"inLanguage\":\"it-IT\"},{\"@type\":[\"Person\",\"Organization\"],\"@id\":\"https:\\\/\\\/tonalibus.org\\\/de\\\/#\\\/schema\\\/person\\\/749261d7bc96d1f00127273f83ab96a4\",\"name\":\"Ulrico\",\"image\":{\"@type\":\"ImageObject\",\"inLanguage\":\"it-IT\",\"@id\":\"https:\\\/\\\/tonalibus.org\\\/wp-content\\\/uploads\\\/2020\\\/06\\\/uli-pix.jpg\",\"url\":\"https:\\\/\\\/tonalibus.org\\\/wp-content\\\/uploads\\\/2020\\\/06\\\/uli-pix.jpg\",\"contentUrl\":\"https:\\\/\\\/tonalibus.org\\\/wp-content\\\/uploads\\\/2020\\\/06\\\/uli-pix.jpg\",\"width\":960,\"height\":720,\"caption\":\"Ulrico\"},\"logo\":{\"@id\":\"https:\\\/\\\/tonalibus.org\\\/wp-content\\\/uploads\\\/2020\\\/06\\\/uli-pix.jpg\"},\"sameAs\":[\"https:\\\/\\\/tonalibus.cyon.site\"]}]}<\/script>\n<!-- \/ Yoast SEO plugin. -->","yoast_head_json":{"title":"Anelli PentaProLa o PentaIon (pentatonica maggiore) - TONALIBUS","description":"In questa pagina troverete dei loop di campioni sonori PentaProLa o PentaIOn (pentatonica maggiore). Potete godervi un loop di tonalit\u00e0 come mantra sonoro.","robots":{"index":"index","follow":"follow","max-snippet":"max-snippet:-1","max-image-preview":"max-image-preview:large","max-video-preview":"max-video-preview:-1"},"canonical":"https:\/\/tonalibus.org\/it\/tonalities\/pentatonalities\/pentaprola-or-pentaion-pentatonic-major\/pentaprola-or-pentaion-pentatonic-major-loops\/","og_locale":"it_IT","og_type":"article","og_title":"PentaProLa or PentaIon (pentatonic major) loops &#8211; TONALIBUS","og_description":"This page features PentaProLa or PentaIOn (pentatonic major) sound sample loops. You may enjoy a tonality loop as sound mantra.","og_url":"https:\/\/tonalibus.org\/it\/tonalities\/pentatonalities\/pentaprola-or-pentaion-pentatonic-major\/pentaprola-or-pentaion-pentatonic-major-loops\/","og_site_name":"TONALIBUS","article_modified_time":"2024-08-25T19:16:59+00:00","twitter_card":"summary_large_image","twitter_misc":{"Tempo di lettura stimato":"1 minuto"},"schema":{"@context":"https:\/\/schema.org","@graph":[{"@type":"WebPage","@id":"https:\/\/tonalibus.org\/tonalities\/pentatonalities\/pentaprola-or-pentaion-pentatonic-major\/pentaprola-or-pentaion-pentatonic-major-loops\/","url":"https:\/\/tonalibus.org\/tonalities\/pentatonalities\/pentaprola-or-pentaion-pentatonic-major\/pentaprola-or-pentaion-pentatonic-major-loops\/","name":"Anelli PentaProLa o PentaIon (pentatonica maggiore) - TONALIBUS","isPartOf":{"@id":"https:\/\/tonalibus.org\/de\/#website"},"datePublished":"2020-08-13T19:05:06+00:00","dateModified":"2024-08-25T19:16:59+00:00","description":"In questa pagina troverete dei loop di campioni sonori PentaProLa o PentaIOn (pentatonica maggiore). Potete godervi un loop di tonalit\u00e0 come mantra sonoro.","breadcrumb":{"@id":"https:\/\/tonalibus.org\/tonalities\/pentatonalities\/pentaprola-or-pentaion-pentatonic-major\/pentaprola-or-pentaion-pentatonic-major-loops\/#breadcrumb"},"inLanguage":"it-IT","potentialAction":[{"@type":"ReadAction","target":["https:\/\/tonalibus.org\/tonalities\/pentatonalities\/pentaprola-or-pentaion-pentatonic-major\/pentaprola-or-pentaion-pentatonic-major-loops\/"]}]},{"@type":"BreadcrumbList","@id":"https:\/\/tonalibus.org\/tonalities\/pentatonalities\/pentaprola-or-pentaion-pentatonic-major\/pentaprola-or-pentaion-pentatonic-major-loops\/#breadcrumb","itemListElement":[{"@type":"ListItem","position":1,"name":"Home","item":"https:\/\/tonalibus.org\/"},{"@type":"ListItem","position":2,"name":"Tonalities","item":"https:\/\/tonalibus.org\/tonalities\/"},{"@type":"ListItem","position":3,"name":"Pentatonalities and Tetratonality","item":"https:\/\/tonalibus.org\/tonalities\/pentatonalities\/"},{"@type":"ListItem","position":4,"name":"PentaProLa or PentaIon (pentatonic major)","item":"https:\/\/tonalibus.org\/tonalities\/pentatonalities\/pentaprola-or-pentaion-pentatonic-major\/"},{"@type":"ListItem","position":5,"name":"PentaProLa or PentaIon (pentatonic major) loops"}]},{"@type":"WebSite","@id":"https:\/\/tonalibus.org\/de\/#website","url":"https:\/\/tonalibus.org\/de\/","name":"TONALIBUS","description":"Armonia e tonalit\u00e0 ancorate","publisher":{"@id":"https:\/\/tonalibus.org\/de\/#\/schema\/person\/749261d7bc96d1f00127273f83ab96a4"},"potentialAction":[{"@type":"SearchAction","target":{"@type":"EntryPoint","urlTemplate":"https:\/\/tonalibus.org\/de\/?s={search_term_string}"},"query-input":{"@type":"PropertyValueSpecification","valueRequired":true,"valueName":"search_term_string"}}],"inLanguage":"it-IT"},{"@type":["Person","Organization"],"@id":"https:\/\/tonalibus.org\/de\/#\/schema\/person\/749261d7bc96d1f00127273f83ab96a4","name":"Ulrico","image":{"@type":"ImageObject","inLanguage":"it-IT","@id":"https:\/\/tonalibus.org\/wp-content\/uploads\/2020\/06\/uli-pix.jpg","url":"https:\/\/tonalibus.org\/wp-content\/uploads\/2020\/06\/uli-pix.jpg","contentUrl":"https:\/\/tonalibus.org\/wp-content\/uploads\/2020\/06\/uli-pix.jpg","width":960,"height":720,"caption":"Ulrico"},"logo":{"@id":"https:\/\/tonalibus.org\/wp-content\/uploads\/2020\/06\/uli-pix.jpg"},"sameAs":["https:\/\/tonalibus.cyon.site"]}]}},"_links":{"self":[{"href":"https:\/\/tonalibus.org\/it\/wp-json\/wp\/v2\/pages\/4370","targetHints":{"allow":["GET"]}}],"collection":[{"href":"https:\/\/tonalibus.org\/it\/wp-json\/wp\/v2\/pages"}],"about":[{"href":"https:\/\/tonalibus.org\/it\/wp-json\/wp\/v2\/types\/page"}],"author":[{"embeddable":true,"href":"https:\/\/tonalibus.org\/it\/wp-json\/wp\/v2\/users\/1"}],"replies":[{"embeddable":true,"href":"https:\/\/tonalibus.org\/it\/wp-json\/wp\/v2\/comments?post=4370"}],"version-history":[{"count":0,"href":"https:\/\/tonalibus.org\/it\/wp-json\/wp\/v2\/pages\/4370\/revisions"}],"up":[{"embeddable":true,"href":"https:\/\/tonalibus.org\/it\/wp-json\/wp\/v2\/pages\/668"}],"wp:attachment":[{"href":"https:\/\/tonalibus.org\/it\/wp-json\/wp\/v2\/media?parent=4370"}],"curies":[{"name":"wp","href":"https:\/\/api.w.org\/{rel}","templated":true}]}}