{"id":4381,"date":"2020-08-13T21:39:25","date_gmt":"2020-08-13T19:39:25","guid":{"rendered":"https:\/\/tonalibus.org\/?page_id=4381"},"modified":"2026-02-08T20:19:25","modified_gmt":"2026-02-08T19:19:25","slug":"minreach-harmonic-minor-loops","status":"publish","type":"page","link":"https:\/\/tonalibus.org\/it\/tonalities\/reach-or-harmonic-heptatonalities\/minreach-harmonic-minor\/minreach-harmonic-minor-loops\/","title":{"rendered":"MinReach (minore armonico) come loop"},"content":{"rendered":"<h2 class=\"wp-block-heading\" id=\"sound-sample-loops-of-minreach-or-harmonic-minor-a-reach-heptatonality\"><mark style=\"background-color:rgba(0, 0, 0, 0);color:#f7b320\" class=\"has-inline-color\">Campioni sonori come loop di <\/mark><a href=\"https:\/\/tonalibus.org\/it\/tonalities\/reach-heptatonalities\/minreach\/\"><mark style=\"background-color:rgba(0, 0, 0, 0);color:#f7b320\" class=\"has-inline-color\">MinReach<\/mark><\/a><mark style=\"background-color:rgba(0, 0, 0, 0);color:#f7b320\" class=\"has-inline-color\"> o minore armonico, una <\/mark><a href=\"https:\/\/tonalibus.org\/it\/tonalities\/reach-or-harmonic-heptatonalities\/\"><mark style=\"background-color:rgba(0, 0, 0, 0);color:#f7b320\" class=\"has-inline-color\">eptatonalit\u00e0 Reach<\/mark><\/a><\/h2>\n\n\n\n<div style=\"height:15px\" aria-hidden=\"true\" class=\"wp-block-spacer\"><\/div>\n\n\n\n<figure class=\"wp-block-audio\"><audio controls src=\"https:\/\/tonalibus.org\/wp-content\/uploads\/2021\/01\/2021-01-24-GBCG-Minreach-loop.mp3\" loop><\/audio><figcaption class=\"wp-element-caption\"><mark style=\"background-color:rgba(0, 0, 0, 0);color:#f7b329\" class=\"has-inline-color\">3) MinReach \u2013 campione sonoro calmo, espanso \u2013 include la melodia di Guggisberg (pi\u00f9 info qui sotto) \u2013 doppia chitarra a 8 corde, basso e crotali \u2013 gennaio 2021 \u2013 9:24 loop<\/mark><\/figcaption><\/figure>\n\n\n\n<figure class=\"wp-block-audio\"><audio controls src=\"https:\/\/tonalibus.org\/wp-content\/uploads\/2021\/01\/2021-01-24-G-Minreach.mp3\" loop><\/audio><figcaption class=\"wp-element-caption\"><mark style=\"background-color:rgba(0, 0, 0, 0);color:#f7b320\" class=\"has-inline-color\">2) MinReach \u2013 campione sonoro calmo \u2013 gennaio 2021 \u2013 1:40 loop<\/mark><\/figcaption><\/figure>\n\n\n\n<figure class=\"wp-block-audio\"><audio controls src=\"https:\/\/tonalibus.org\/wp-content\/uploads\/2020\/06\/MinReach2.wav\" loop><\/audio><figcaption class=\"wp-element-caption\"><mark style=\"background-color:rgba(0, 0, 0, 0);color:#f7b320\" class=\"has-inline-color\">1) MinReach \u2013 campione sonoro ritmico \u2013 0:31 loop \u2013 suona fino a quando non si ferma o passa ad un'altra pagina in questa scheda.<\/mark><\/figcaption><\/figure>\n\n\n\n<div style=\"height:28px\" aria-hidden=\"true\" class=\"wp-block-spacer\"><\/div>\n\n\n\n<p><mark style=\"background-color:rgba(0, 0, 0, 0);color:#f7b320\" class=\"has-inline-color\">Possiamo riconoscere MinReach, chiamato anche minore armonico, nella melodia della canzone di \"<\/mark><a href=\"https:\/\/de.wikipedia.org\/wiki\/Guggisberglied\" target=\"_blank\" rel=\"noreferrer noopener\"><mark style=\"background-color:rgba(0, 0, 0, 0);color:#f7b320\" class=\"has-inline-color\">Guggisberg<\/mark><\/a><mark style=\"background-color:rgba(0, 0, 0, 0);color:#f7b320\" class=\"has-inline-color\">\" o \"s'Vreneli ab em Guggisberg\". Questa \u00e8 una delle canzoni folcloristiche svizzere pi\u00f9 affascinanti e conosciute. Suscita cos\u00ec tanta emozione che storicamente fu proibita con la pena di morte nei reggimenti bernesi della legione straniera. Tendeva a indurre i soldati svizzeri a disertare e tornare a casa.  <\/mark><\/p>\n\n\n\n<div style=\"height:24px\" aria-hidden=\"true\" class=\"wp-block-spacer\"><\/div>\n\n\n\n<p class=\"has-text-color\" style=\"color:#f7b320\"><mark style=\"background-color:rgba(0, 0, 0, 0);color:#f7b320\" class=\"has-inline-color\"><mark style=\"background-color:rgba(0, 0, 0, 0);color:#f7b320\" class=\"has-inline-color\">Puoi goderti un campione sonoro o un loop di tonalit\u00e0 come mantra sonoro per <\/mark><a href=\"https:\/\/it.wikipedia.org\/wiki\/Contemplazione\" target=\"_blank\" rel=\"noreferrer noopener\"><mark style=\"background-color:rgba(0, 0, 0, 0);color:#f7b320\" class=\"has-inline-color\">la contemplazione<\/mark><\/a><mark style=\"background-color:rgba(0, 0, 0, 0);color:#f7b320\" class=\"has-inline-color\"> o <\/mark><a href=\"https:\/\/it.wikipedia.org\/wiki\/Meditazione\" target=\"_blank\" rel=\"noreferrer noopener\"><mark style=\"background-color:rgba(0, 0, 0, 0);color:#f7b320\" class=\"has-inline-color\">la meditazione<\/mark><\/a><mark style=\"background-color:rgba(0, 0, 0, 0);color:#f7b320\" class=\"has-inline-color\">. Questo potrebbe aiutare con il sollevamento, la purificazione e la messa a fuoco. O pu\u00f2 semplicemente essere usato come sottofondo calmante per rilassarsi e rigenerarsi. Se hai voglia di canticchiare o cantare insieme, potresti farlo usando una sillaba spiritualmente caricata come <\/mark><em><a href=\"https:\/\/tonalibus.org\/it\/about-tonalibus\/ulrico\/hu-mantra-of-soul\/\"><mark style=\"background-color:rgba(0, 0, 0, 0);color:#f7b320\" class=\"has-inline-color\">HU<\/mark><\/a><\/em><mark style=\"background-color:rgba(0, 0, 0, 0);color:#f7b320\" class=\"has-inline-color\"> o <\/mark><a href=\"https:\/\/it.wikipedia.org\/wiki\/Om_(induismo)\" target=\"_blank\" rel=\"noreferrer noopener\"><em><mark style=\"background-color:rgba(0, 0, 0, 0);color:#f7b320\" class=\"has-inline-color\">\u014c\u1e41 \/ Aum<\/mark><\/em><\/a><mark style=\"background-color:rgba(0, 0, 0, 0);color:#f7b320\" class=\"has-inline-color\"> \u0950,<\/mark> o un'altra sillaba mantra che ti piace.<\/mark><\/p>\n\n\n\n<div style=\"height:48px\" aria-hidden=\"true\" class=\"wp-block-spacer\"><\/div>\n\n\n<div class=\"wp-block-image is-resized\">\n<figure class=\"aligncenter size-large\"><img loading=\"lazy\" decoding=\"async\" width=\"1024\" height=\"1024\" src=\"https:\/\/tonalibus.org\/wp-content\/uploads\/2021\/01\/DSC01378-cx-comprd-1024x1024.jpg\" alt=\"DSC01378 cx-comprd - Guggisgerg - Minreach (harmonic minor) loops\" class=\"wp-image-8445\" style=\"object-fit:contain\" srcset=\"https:\/\/tonalibus.org\/wp-content\/uploads\/2021\/01\/DSC01378-cx-comprd-1024x1024.jpg 1024w, https:\/\/tonalibus.org\/wp-content\/uploads\/2021\/01\/DSC01378-cx-comprd-300x300.jpg 300w, https:\/\/tonalibus.org\/wp-content\/uploads\/2021\/01\/DSC01378-cx-comprd-150x150.jpg 150w, https:\/\/tonalibus.org\/wp-content\/uploads\/2021\/01\/DSC01378-cx-comprd-768x768.jpg 768w, https:\/\/tonalibus.org\/wp-content\/uploads\/2021\/01\/DSC01378-cx-comprd-1536x1536.jpg 1536w, https:\/\/tonalibus.org\/wp-content\/uploads\/2021\/01\/DSC01378-cx-comprd-2048x2048.jpg 2048w, https:\/\/tonalibus.org\/wp-content\/uploads\/2021\/01\/DSC01378-cx-comprd-12x12.jpg 12w, https:\/\/tonalibus.org\/wp-content\/uploads\/2021\/01\/DSC01378-cx-comprd-100x100.jpg 100w, https:\/\/tonalibus.org\/wp-content\/uploads\/2021\/01\/DSC01378-cx-comprd-1320x1320.jpg 1320w\" sizes=\"auto, (max-width: 706px) 89vw, (max-width: 767px) 82vw, 740px\" \/><figcaption class=\"wp-element-caption\">Reggendo il cielo sul Guggersh\u00f6rnli - settembre 2014 - foto di Sabina Haas<\/figcaption><\/figure>\n<\/div>\n\n<div class=\"wp-block-image is-resized\">\n<figure class=\"aligncenter size-large\"><img loading=\"lazy\" decoding=\"async\" width=\"1024\" height=\"1024\" src=\"https:\/\/tonalibus.org\/wp-content\/uploads\/2021\/01\/DSC01368-cx-comprd-1024x1024.jpg\" alt=\"DSC01368 cx-comprd - Guggersh\u00f6rnli\" class=\"wp-image-8463\" style=\"object-fit:contain\" srcset=\"https:\/\/tonalibus.org\/wp-content\/uploads\/2021\/01\/DSC01368-cx-comprd-1024x1024.jpg 1024w, https:\/\/tonalibus.org\/wp-content\/uploads\/2021\/01\/DSC01368-cx-comprd-300x300.jpg 300w, https:\/\/tonalibus.org\/wp-content\/uploads\/2021\/01\/DSC01368-cx-comprd-150x150.jpg 150w, https:\/\/tonalibus.org\/wp-content\/uploads\/2021\/01\/DSC01368-cx-comprd-768x768.jpg 768w, https:\/\/tonalibus.org\/wp-content\/uploads\/2021\/01\/DSC01368-cx-comprd-1536x1536.jpg 1536w, https:\/\/tonalibus.org\/wp-content\/uploads\/2021\/01\/DSC01368-cx-comprd-2048x2048.jpg 2048w, https:\/\/tonalibus.org\/wp-content\/uploads\/2021\/01\/DSC01368-cx-comprd-12x12.jpg 12w, https:\/\/tonalibus.org\/wp-content\/uploads\/2021\/01\/DSC01368-cx-comprd-100x100.jpg 100w, https:\/\/tonalibus.org\/wp-content\/uploads\/2021\/01\/DSC01368-cx-comprd-1320x1320.jpg 1320w\" sizes=\"auto, (max-width: 706px) 89vw, (max-width: 767px) 82vw, 740px\" \/><figcaption class=\"wp-element-caption\">Scala verso la luce - sentiero sul Guggersh\u00f6rnli, Svizzera - settembre 2014<\/figcaption><\/figure>\n<\/div>","protected":false},"excerpt":{"rendered":"<p>Loop di campioni sonori di MinReach o minore armonico, una eptatonalit\u00e0 Reach Possiamo riconoscere MinReach, noto anche come minore armonico, nella melodia del \"Guggisberg-Lied\" o \"s'Vreneli ab em Guggisberg\". Si tratta di una delle canzoni pi\u00f9 struggenti e conosciute del folklore svizzero. Suscita cos\u00ec tanta emozione che storicamente era proibita ... <\/p>\n<p class=\"link-more\"><a href=\"https:\/\/tonalibus.org\/it\/tonalities\/reach-or-harmonic-heptatonalities\/minreach-harmonic-minor\/minreach-harmonic-minor-loops\/\" class=\"more-link\">Leggi tutto<span class=\"screen-reader-text\"> \"Loop MinReach (minore armonico)\"<\/span><\/a><\/p>","protected":false},"author":1,"featured_media":0,"parent":578,"menu_order":0,"comment_status":"closed","ping_status":"closed","template":"","meta":{"footnotes":""},"class_list":["post-4381","page","type-page","status-publish","hentry"],"yoast_head":"<!-- This site is optimized with the Yoast SEO plugin v27.4 - https:\/\/yoast.com\/product\/yoast-seo-wordpress\/ -->\n<title>MinReach (harmonic minor) loops &#8211; TONALIBUS Harmony<\/title>\n<meta name=\"description\" content=\"This page features sound sample loops of MinReach or harmonic minor. You may enjoy a tonality loop as sound mantra \u2013 for attunement.\" \/>\n<meta name=\"robots\" content=\"index, follow, max-snippet:-1, max-image-preview:large, max-video-preview:-1\" \/>\n<link rel=\"canonical\" href=\"https:\/\/tonalibus.org\/it\/tonalities\/reach-or-harmonic-heptatonalities\/minreach-harmonic-minor\/minreach-harmonic-minor-loops\/\" \/>\n<meta property=\"og:locale\" content=\"it_IT\" \/>\n<meta property=\"og:type\" content=\"article\" \/>\n<meta property=\"og:title\" content=\"MinReach (harmonic minor) loops &#8211; TONALIBUS Harmony\" \/>\n<meta property=\"og:description\" content=\"This page features sound sample loops of MinReach or harmonic minor. You may enjoy a tonality loop as sound mantra \u2013 for attunement.\" \/>\n<meta property=\"og:url\" content=\"https:\/\/tonalibus.org\/it\/tonalities\/reach-or-harmonic-heptatonalities\/minreach-harmonic-minor\/minreach-harmonic-minor-loops\/\" \/>\n<meta property=\"og:site_name\" content=\"TONALIBUS\" \/>\n<meta property=\"article:modified_time\" content=\"2026-02-08T19:19:25+00:00\" \/>\n<meta property=\"og:image\" content=\"https:\/\/tonalibus.org\/wp-content\/uploads\/2021\/01\/DSC01378-cx-comprd-scaled.jpg\" \/>\n\t<meta property=\"og:image:width\" content=\"2560\" \/>\n\t<meta property=\"og:image:height\" content=\"2560\" \/>\n\t<meta property=\"og:image:type\" content=\"image\/jpeg\" \/>\n<meta name=\"twitter:card\" content=\"summary_large_image\" \/>\n<meta name=\"twitter:label1\" content=\"Tempo di lettura stimato\" \/>\n\t<meta name=\"twitter:data1\" content=\"2 minuti\" \/>\n<script type=\"application\/ld+json\" class=\"yoast-schema-graph\">{\"@context\":\"https:\\\/\\\/schema.org\",\"@graph\":[{\"@type\":\"WebPage\",\"@id\":\"https:\\\/\\\/tonalibus.org\\\/tonalities\\\/reach-or-harmonic-heptatonalities\\\/minreach-harmonic-minor\\\/minreach-harmonic-minor-loops\\\/\",\"url\":\"https:\\\/\\\/tonalibus.org\\\/tonalities\\\/reach-or-harmonic-heptatonalities\\\/minreach-harmonic-minor\\\/minreach-harmonic-minor-loops\\\/\",\"name\":\"MinReach (harmonic minor) loops &#8211; TONALIBUS Harmony\",\"isPartOf\":{\"@id\":\"https:\\\/\\\/tonalibus.org\\\/de\\\/#website\"},\"primaryImageOfPage\":{\"@id\":\"https:\\\/\\\/tonalibus.org\\\/tonalities\\\/reach-or-harmonic-heptatonalities\\\/minreach-harmonic-minor\\\/minreach-harmonic-minor-loops\\\/#primaryimage\"},\"image\":{\"@id\":\"https:\\\/\\\/tonalibus.org\\\/tonalities\\\/reach-or-harmonic-heptatonalities\\\/minreach-harmonic-minor\\\/minreach-harmonic-minor-loops\\\/#primaryimage\"},\"thumbnailUrl\":\"https:\\\/\\\/tonalibus.org\\\/wp-content\\\/uploads\\\/2021\\\/01\\\/DSC01378-cx-comprd-1024x1024.jpg\",\"datePublished\":\"2020-08-13T19:39:25+00:00\",\"dateModified\":\"2026-02-08T19:19:25+00:00\",\"description\":\"This page features sound sample loops of MinReach or harmonic minor. You may enjoy a tonality loop as sound mantra \u2013 for attunement.\",\"breadcrumb\":{\"@id\":\"https:\\\/\\\/tonalibus.org\\\/tonalities\\\/reach-or-harmonic-heptatonalities\\\/minreach-harmonic-minor\\\/minreach-harmonic-minor-loops\\\/#breadcrumb\"},\"inLanguage\":\"it-IT\",\"potentialAction\":[{\"@type\":\"ReadAction\",\"target\":[\"https:\\\/\\\/tonalibus.org\\\/tonalities\\\/reach-or-harmonic-heptatonalities\\\/minreach-harmonic-minor\\\/minreach-harmonic-minor-loops\\\/\"]}]},{\"@type\":\"ImageObject\",\"inLanguage\":\"it-IT\",\"@id\":\"https:\\\/\\\/tonalibus.org\\\/tonalities\\\/reach-or-harmonic-heptatonalities\\\/minreach-harmonic-minor\\\/minreach-harmonic-minor-loops\\\/#primaryimage\",\"url\":\"https:\\\/\\\/tonalibus.org\\\/wp-content\\\/uploads\\\/2021\\\/01\\\/DSC01378-cx-comprd-1024x1024.jpg\",\"contentUrl\":\"https:\\\/\\\/tonalibus.org\\\/wp-content\\\/uploads\\\/2021\\\/01\\\/DSC01378-cx-comprd-1024x1024.jpg\"},{\"@type\":\"BreadcrumbList\",\"@id\":\"https:\\\/\\\/tonalibus.org\\\/tonalities\\\/reach-or-harmonic-heptatonalities\\\/minreach-harmonic-minor\\\/minreach-harmonic-minor-loops\\\/#breadcrumb\",\"itemListElement\":[{\"@type\":\"ListItem\",\"position\":1,\"name\":\"Home\",\"item\":\"https:\\\/\\\/tonalibus.org\\\/\"},{\"@type\":\"ListItem\",\"position\":2,\"name\":\"Tonalities\",\"item\":\"https:\\\/\\\/tonalibus.org\\\/tonalities\\\/\"},{\"@type\":\"ListItem\",\"position\":3,\"name\":\"Reach (or Harmonic) Heptatonalities\",\"item\":\"https:\\\/\\\/tonalibus.org\\\/tonalities\\\/reach-or-harmonic-heptatonalities\\\/\"},{\"@type\":\"ListItem\",\"position\":4,\"name\":\"MinReach (harmonic minor)\",\"item\":\"https:\\\/\\\/tonalibus.org\\\/tonalities\\\/reach-or-harmonic-heptatonalities\\\/minreach-harmonic-minor\\\/\"},{\"@type\":\"ListItem\",\"position\":5,\"name\":\"MinReach (harmonic minor) loops\"}]},{\"@type\":\"WebSite\",\"@id\":\"https:\\\/\\\/tonalibus.org\\\/de\\\/#website\",\"url\":\"https:\\\/\\\/tonalibus.org\\\/de\\\/\",\"name\":\"TONALIBUS\",\"description\":\"Anchored Harmony and Tonalities\",\"publisher\":{\"@id\":\"https:\\\/\\\/tonalibus.org\\\/de\\\/#\\\/schema\\\/person\\\/749261d7bc96d1f00127273f83ab96a4\"},\"potentialAction\":[{\"@type\":\"SearchAction\",\"target\":{\"@type\":\"EntryPoint\",\"urlTemplate\":\"https:\\\/\\\/tonalibus.org\\\/de\\\/?s={search_term_string}\"},\"query-input\":{\"@type\":\"PropertyValueSpecification\",\"valueRequired\":true,\"valueName\":\"search_term_string\"}}],\"inLanguage\":\"it-IT\"},{\"@type\":[\"Person\",\"Organization\"],\"@id\":\"https:\\\/\\\/tonalibus.org\\\/de\\\/#\\\/schema\\\/person\\\/749261d7bc96d1f00127273f83ab96a4\",\"name\":\"Ulrico\",\"image\":{\"@type\":\"ImageObject\",\"inLanguage\":\"it-IT\",\"@id\":\"https:\\\/\\\/tonalibus.org\\\/wp-content\\\/uploads\\\/2020\\\/06\\\/uli-pix.jpg\",\"url\":\"https:\\\/\\\/tonalibus.org\\\/wp-content\\\/uploads\\\/2020\\\/06\\\/uli-pix.jpg\",\"contentUrl\":\"https:\\\/\\\/tonalibus.org\\\/wp-content\\\/uploads\\\/2020\\\/06\\\/uli-pix.jpg\",\"width\":960,\"height\":720,\"caption\":\"Ulrico\"},\"logo\":{\"@id\":\"https:\\\/\\\/tonalibus.org\\\/wp-content\\\/uploads\\\/2020\\\/06\\\/uli-pix.jpg\"},\"sameAs\":[\"https:\\\/\\\/tonalibus.cyon.site\"]}]}<\/script>\n<!-- \/ Yoast SEO plugin. -->","yoast_head_json":{"title":"Loop MinReach (minore armonico) - TONALIBUS Harmony","description":"In questa pagina ci sono dei loop di esempi sonori di MinReach o minore armonico. Si pu\u00f2 godere di un loop di tonalit\u00e0 come mantra sonoro - per la sintonizzazione.","robots":{"index":"index","follow":"follow","max-snippet":"max-snippet:-1","max-image-preview":"max-image-preview:large","max-video-preview":"max-video-preview:-1"},"canonical":"https:\/\/tonalibus.org\/it\/tonalities\/reach-or-harmonic-heptatonalities\/minreach-harmonic-minor\/minreach-harmonic-minor-loops\/","og_locale":"it_IT","og_type":"article","og_title":"MinReach (harmonic minor) loops &#8211; TONALIBUS Harmony","og_description":"This page features sound sample loops of MinReach or harmonic minor. You may enjoy a tonality loop as sound mantra \u2013 for attunement.","og_url":"https:\/\/tonalibus.org\/it\/tonalities\/reach-or-harmonic-heptatonalities\/minreach-harmonic-minor\/minreach-harmonic-minor-loops\/","og_site_name":"TONALIBUS","article_modified_time":"2026-02-08T19:19:25+00:00","og_image":[{"width":2560,"height":2560,"url":"https:\/\/tonalibus.org\/wp-content\/uploads\/2021\/01\/DSC01378-cx-comprd-scaled.jpg","type":"image\/jpeg"}],"twitter_card":"summary_large_image","twitter_misc":{"Tempo di lettura stimato":"2 minuti"},"schema":{"@context":"https:\/\/schema.org","@graph":[{"@type":"WebPage","@id":"https:\/\/tonalibus.org\/tonalities\/reach-or-harmonic-heptatonalities\/minreach-harmonic-minor\/minreach-harmonic-minor-loops\/","url":"https:\/\/tonalibus.org\/tonalities\/reach-or-harmonic-heptatonalities\/minreach-harmonic-minor\/minreach-harmonic-minor-loops\/","name":"Loop MinReach (minore armonico) - TONALIBUS Harmony","isPartOf":{"@id":"https:\/\/tonalibus.org\/de\/#website"},"primaryImageOfPage":{"@id":"https:\/\/tonalibus.org\/tonalities\/reach-or-harmonic-heptatonalities\/minreach-harmonic-minor\/minreach-harmonic-minor-loops\/#primaryimage"},"image":{"@id":"https:\/\/tonalibus.org\/tonalities\/reach-or-harmonic-heptatonalities\/minreach-harmonic-minor\/minreach-harmonic-minor-loops\/#primaryimage"},"thumbnailUrl":"https:\/\/tonalibus.org\/wp-content\/uploads\/2021\/01\/DSC01378-cx-comprd-1024x1024.jpg","datePublished":"2020-08-13T19:39:25+00:00","dateModified":"2026-02-08T19:19:25+00:00","description":"In questa pagina ci sono dei loop di esempi sonori di MinReach o minore armonico. Si pu\u00f2 godere di un loop di tonalit\u00e0 come mantra sonoro - per la sintonizzazione.","breadcrumb":{"@id":"https:\/\/tonalibus.org\/tonalities\/reach-or-harmonic-heptatonalities\/minreach-harmonic-minor\/minreach-harmonic-minor-loops\/#breadcrumb"},"inLanguage":"it-IT","potentialAction":[{"@type":"ReadAction","target":["https:\/\/tonalibus.org\/tonalities\/reach-or-harmonic-heptatonalities\/minreach-harmonic-minor\/minreach-harmonic-minor-loops\/"]}]},{"@type":"ImageObject","inLanguage":"it-IT","@id":"https:\/\/tonalibus.org\/tonalities\/reach-or-harmonic-heptatonalities\/minreach-harmonic-minor\/minreach-harmonic-minor-loops\/#primaryimage","url":"https:\/\/tonalibus.org\/wp-content\/uploads\/2021\/01\/DSC01378-cx-comprd-1024x1024.jpg","contentUrl":"https:\/\/tonalibus.org\/wp-content\/uploads\/2021\/01\/DSC01378-cx-comprd-1024x1024.jpg"},{"@type":"BreadcrumbList","@id":"https:\/\/tonalibus.org\/tonalities\/reach-or-harmonic-heptatonalities\/minreach-harmonic-minor\/minreach-harmonic-minor-loops\/#breadcrumb","itemListElement":[{"@type":"ListItem","position":1,"name":"Home","item":"https:\/\/tonalibus.org\/"},{"@type":"ListItem","position":2,"name":"Tonalities","item":"https:\/\/tonalibus.org\/tonalities\/"},{"@type":"ListItem","position":3,"name":"Reach (or Harmonic) Heptatonalities","item":"https:\/\/tonalibus.org\/tonalities\/reach-or-harmonic-heptatonalities\/"},{"@type":"ListItem","position":4,"name":"MinReach (harmonic minor)","item":"https:\/\/tonalibus.org\/tonalities\/reach-or-harmonic-heptatonalities\/minreach-harmonic-minor\/"},{"@type":"ListItem","position":5,"name":"MinReach (harmonic minor) loops"}]},{"@type":"WebSite","@id":"https:\/\/tonalibus.org\/de\/#website","url":"https:\/\/tonalibus.org\/de\/","name":"TONALIBUS","description":"Armonia e tonalit\u00e0 ancorate","publisher":{"@id":"https:\/\/tonalibus.org\/de\/#\/schema\/person\/749261d7bc96d1f00127273f83ab96a4"},"potentialAction":[{"@type":"SearchAction","target":{"@type":"EntryPoint","urlTemplate":"https:\/\/tonalibus.org\/de\/?s={search_term_string}"},"query-input":{"@type":"PropertyValueSpecification","valueRequired":true,"valueName":"search_term_string"}}],"inLanguage":"it-IT"},{"@type":["Person","Organization"],"@id":"https:\/\/tonalibus.org\/de\/#\/schema\/person\/749261d7bc96d1f00127273f83ab96a4","name":"Ulrico","image":{"@type":"ImageObject","inLanguage":"it-IT","@id":"https:\/\/tonalibus.org\/wp-content\/uploads\/2020\/06\/uli-pix.jpg","url":"https:\/\/tonalibus.org\/wp-content\/uploads\/2020\/06\/uli-pix.jpg","contentUrl":"https:\/\/tonalibus.org\/wp-content\/uploads\/2020\/06\/uli-pix.jpg","width":960,"height":720,"caption":"Ulrico"},"logo":{"@id":"https:\/\/tonalibus.org\/wp-content\/uploads\/2020\/06\/uli-pix.jpg"},"sameAs":["https:\/\/tonalibus.cyon.site"]}]}},"_links":{"self":[{"href":"https:\/\/tonalibus.org\/it\/wp-json\/wp\/v2\/pages\/4381","targetHints":{"allow":["GET"]}}],"collection":[{"href":"https:\/\/tonalibus.org\/it\/wp-json\/wp\/v2\/pages"}],"about":[{"href":"https:\/\/tonalibus.org\/it\/wp-json\/wp\/v2\/types\/page"}],"author":[{"embeddable":true,"href":"https:\/\/tonalibus.org\/it\/wp-json\/wp\/v2\/users\/1"}],"replies":[{"embeddable":true,"href":"https:\/\/tonalibus.org\/it\/wp-json\/wp\/v2\/comments?post=4381"}],"version-history":[{"count":2,"href":"https:\/\/tonalibus.org\/it\/wp-json\/wp\/v2\/pages\/4381\/revisions"}],"predecessor-version":[{"id":38366,"href":"https:\/\/tonalibus.org\/it\/wp-json\/wp\/v2\/pages\/4381\/revisions\/38366"}],"up":[{"embeddable":true,"href":"https:\/\/tonalibus.org\/it\/wp-json\/wp\/v2\/pages\/578"}],"wp:attachment":[{"href":"https:\/\/tonalibus.org\/it\/wp-json\/wp\/v2\/media?parent=4381"}],"curies":[{"name":"wp","href":"https:\/\/api.w.org\/{rel}","templated":true}]}}