{"id":458,"date":"2020-06-17T11:57:37","date_gmt":"2020-06-17T09:57:37","guid":{"rendered":"https:\/\/tonalibus.org\/?page_id=458"},"modified":"2025-03-24T09:17:33","modified_gmt":"2025-03-24T08:17:33","slug":"concepts","status":"publish","type":"page","link":"https:\/\/tonalibus.org\/it\/inner-circle\/repository\/concepts\/","title":{"rendered":"Concetti"},"content":{"rendered":"<div class=\"wp-block-buttons is-horizontal is-content-justification-center is-layout-flex wp-container-core-buttons-is-layout-499968f5 wp-block-buttons-is-layout-flex\">\n<div class=\"wp-block-button is-style-outline is-style-outline--1\"><a class=\"wp-block-button__link wp-element-button\" href=\"https:\/\/tonalibus.org\/it\/concepts\/glossary\/\">Glossario<\/a><\/div>\n\n\n\n<div class=\"wp-block-button is-style-outline is-style-outline--2\"><a class=\"wp-block-button__link wp-element-button\" href=\"#presos\">Presentazioni di concetti<\/a><\/div>\n\n\n\n<div class=\"wp-block-button is-style-outline is-style-outline--3\"><a class=\"wp-block-button__link wp-element-button\" href=\"https:\/\/tonalibus.org\/it\/concepts\/concepts-highlights\/\">Concetti salienti<\/a><\/div>\n\n\n\n<div class=\"wp-block-button is-style-outline is-style-outline--4\"><a class=\"wp-block-button__link wp-element-button\" href=\"https:\/\/tonalibus.org\/it\/tonalities\/chromaticism-and-modulation\/\">Cromatismo &amp; modulazione<\/a><\/div>\n<\/div>\n\n\n\n<div style=\"height:56px\" aria-hidden=\"true\" class=\"wp-block-spacer\"><\/div>\n\n\n\n<p class=\"has-text-color\" id=\"presos\" style=\"color:#f7b320\">Lo slogan di Tonalibus ne evidenzia il nucleo: <em>Armonia e tonalit\u00e0 ancorate<\/em>. La parte teorica \u00e8 nella compilazione per lo pi\u00f9 visiva dei concetti di armonia presentati qui di seguito. Il lato pratico, che comprende pi\u00f9 clip audio per ogni tonalit\u00e0, si trova nel catalogo delle <a href=\"https:\/\/tonalibus.org\/it\/tonalities\/\"><mark style=\"background-color:rgba(0, 0, 0, 0);color:#f7b320\" class=\"has-inline-color\">tonalit\u00e0 ancorate<\/mark><\/a>. Tonalibus presenta i suoi concetti nella <a href=\"https:\/\/tonalibus.org\/it\/concepts\/five-course-series\/\"><mark style=\"background-color:rgba(0, 0, 0, 0);color:#f7b320\" class=\"has-inline-color\">serie a cinque corsi<\/mark><\/a> <em>Fondamenti di armonia e tonalit\u00e0<\/em>. In aggiunta c'\u00e8 un riassunto molto condensato, <a href=\"https:\/\/tonalibus.org\/it\/concepts\/concepts-brief\/\"><mark style=\"background-color:rgba(0, 0, 0, 0);color:#f7b320\" class=\"has-inline-color\">i concetti in breve<\/mark><\/a>, come introduzione <a href=\"https:\/\/tonalibus.org\/it\/concepts\/concepts-preview\/\"><mark style=\"background-color:rgba(0, 0, 0, 0);color:#f7b320\" class=\"has-inline-color\">l'anteprima dei concetti<\/mark><\/a>, una <a href=\"https:\/\/tonalibus.org\/it\/concepts\/concepts-review\/\"><mark style=\"background-color:rgba(0, 0, 0, 0);color:#f7b320\" class=\"has-inline-color\">la revisione dei concetti<\/mark><\/a>, e una serie di <a href=\"https:\/\/tonalibus.org\/it\/concepts\/concepts-highlights\/\"><mark style=\"background-color:rgba(0, 0, 0, 0);color:#f7b320\" class=\"has-inline-color\">concetti salienti<\/mark><\/a>. Queste presentazioni di concetti sono composte per lo pi\u00f9 da immagini, grafici e tabelle, ma con pochissimo testo.<\/p>\n\n\n\n<div class=\"wp-block-buttons is-horizontal is-content-justification-center is-layout-flex wp-container-core-buttons-is-layout-499968f5 wp-block-buttons-is-layout-flex\">\n<div class=\"wp-block-button is-style-outline is-style-outline--5\"><a class=\"wp-block-button__link wp-element-button\" href=\"https:\/\/tonalibus.org\/it\/fundamentals\/five-course-series\/\">SERIE A CINQUE CORSI \u2013<br><em>Fondamenti di armonia e tonalit\u00e0<\/em><\/a><\/div>\n<\/div>\n\n\n\n<div class=\"wp-block-buttons is-horizontal is-content-justification-center is-layout-flex wp-container-core-buttons-is-layout-499968f5 wp-block-buttons-is-layout-flex\">\n<div class=\"wp-block-button is-style-outline is-style-outline--6\"><a class=\"wp-block-button__link wp-element-button\" href=\"https:\/\/tonalibus.org\/it\/concepts\/concepts-brief\/\">Concetti in breve<\/a><\/div>\n\n\n\n<div class=\"wp-block-button is-style-outline is-style-outline--7\"><a class=\"wp-block-button__link wp-element-button\" href=\"https:\/\/tonalibus.org\/it\/concepts\/concepts-preview\/\">Anteprima dei concetti<\/a><\/div>\n\n\n\n<div class=\"wp-block-button is-style-outline is-style-outline--8\"><a class=\"wp-block-button__link wp-element-button\" href=\"https:\/\/tonalibus.org\/it\/concepts\/concepts-review\/\">Revisione dei concetti<\/a><\/div>\n<\/div>\n\n\n\n<h2 class=\"wp-block-heading has-text-color\" id=\"overview-of-tonalibus-concepts-presentations\" style=\"color:#f7b320\">Panoramica delle presentazioni dei concetti di Tonalibus<\/h2>\n\n\n\n<p><a href=\"https:\/\/tonalibus.org\/it\/concepts\/concepts-brief\/\"><span style=\"color:#f7b320\" class=\"has-inline-color\">I concetti in breve<\/span><\/a><span style=\"color:#f7b320\" class=\"has-inline-color\"> fornisce un sapore iniziale di Tonalibus, del catalogo delle tonalit\u00e0 ancorate e della serie di cinque corsi. Presenta una tonalit\u00e0 campione del catalogo e tocca con leggerezza un concetto fondamentale di Tonalibus \u2013 l'ancoraggio armonico e tonale. <\/span><\/p>\n\n\n\n<p class=\"has-text-color\" style=\"color:#f7b320\"><a href=\"https:\/\/tonalibus.org\/it\/concepts\/concepts-preview\/\"><mark style=\"background-color:rgba(0, 0, 0, 0);color:#f7b320\" class=\"has-inline-color\">L'anteprima dei concetti<\/mark><\/a><mark style=\"background-color:rgba(0, 0, 0, 0);color:#f7b320\" class=\"has-inline-color\"> presenta una panoramica introduttiva del catalogo Tonalibus delle tonalit\u00e0 ancorate e della serie di cinque corsi. Presenta tre tonalit\u00e0 del catalogo e tocca alcuni concetti fondamentali nel contesto dell'ancoraggio armonico e delle tonalit\u00e0.<\/mark><\/p>\n\n\n\n<p><a href=\"https:\/\/tonalibus.org\/it\/concepts\/five-course-series\/\"><span style=\"color:#f7b320\" class=\"has-inline-color\">La serie a cinque corsi<\/span><\/a><span style=\"color:#f7b320\" class=\"has-inline-color\"> <em>Fondamenti di armonia e tonalit\u00e0<\/em> espone in dettaglio i concetti e le approfondimenti di Tonalibus. Ci\u00f2 avviene per lo pi\u00f9 in immagini, grafici e tabelle \u2013 finora senza molto testo, se ce n'\u00e8. Insieme al catalogo delle <\/span><a href=\"https:\/\/tonalibus.org\/it\/tonalities\/\"><span style=\"color:#f7b320\" class=\"has-inline-color\">tonalit\u00e0 ancorate<\/span><\/a><span style=\"color:#f7b320\" class=\"has-inline-color\">, la serie di cinque corsi \u00e8 il cuore di Tonalibus. <\/span><\/p>\n\n\n\n<p><a href=\"https:\/\/tonalibus.org\/it\/concepts\/concepts-review\/\"><span style=\"color:#f7b320\" class=\"has-inline-color\">La revisione dei concetti<\/span><\/a><span style=\"color:#f7b320\" class=\"has-inline-color\"> presenta un riassunto condensato dei principali concetti di Tonalibus nell'ordine della serie a cinque corsi. Evidenzia una moltitudine di concetti fondamentali di Tonalibus. Inoltre, presenta tre campione del catalogo delle tonalit\u00e0 ancorate. <\/span><\/p>\n\n\n\n<p><mark style=\"background-color:rgba(0, 0, 0, 0);color:#f7b320\" class=\"has-inline-color\">Per stuzzicare l'appetito o per ricordare di pi\u00f9, c'\u00e8 una selezione dei <\/mark><a href=\"https:\/\/tonalibus.org\/it\/concepts\/concepts-highlights\/\"><mark style=\"background-color:rgba(0, 0, 0, 0);color:#f7b320\" class=\"has-inline-color\">concetti salienti<\/mark><\/a><mark style=\"background-color:rgba(0, 0, 0, 0);color:#f7b320\" class=\"has-inline-color\">. Sono caratterizzati da brevi loop video, rappresentazioni visive di concetti fondamentali e ciclici di Tonalibus. Dopo tutto, gran parte della comprensione e conoscenza umana deriva del <\/mark><a aria-label=\"non definito (si apre in una nuova scheda)\" href=\"https:\/\/it.wikipedia.org\/wiki\/Riconoscimento_di_pattern\" target=\"_blank\" rel=\"noreferrer noopener\"><mark style=\"background-color:rgba(0, 0, 0, 0);color:#f7b320\" class=\"has-inline-color\">riconoscimento di pattern<\/mark><\/a><mark style=\"background-color:rgba(0, 0, 0, 0);color:#f7b320\" class=\"has-inline-color\">. <\/mark><\/p>\n\n\n\n<p class=\"has-text-color\" style=\"color:#f7b320\">Inoltre, esiste un modulo su <a href=\"https:\/\/tonalibus.org\/it\/tonalities\/chromaticism-and-modulation\/\"><mark style=\"background-color:rgba(0, 0, 0, 0);color:#f7b320\" class=\"has-inline-color\">cromatismo e modulazione<\/mark><\/a> con un quadro di modulazione insieme a campioni di modulazione ciclica.<\/p>\n\n\n\n<div style=\"height:59px\" aria-hidden=\"true\" class=\"wp-block-spacer\"><\/div>\n\n\n<div class=\"wp-block-image\">\n<figure class=\"aligncenter size-large is-resized\"><img loading=\"lazy\" decoding=\"async\" src=\"https:\/\/tonalibus.org\/wp-content\/uploads\/2020\/06\/Tonalibus-1d-2-anchors-2020-05-16.jpg\" alt=\"1d-2-16\" class=\"wp-image-816\" width=\"404\" height=\"302\" srcset=\"https:\/\/tonalibus.org\/wp-content\/uploads\/2020\/06\/Tonalibus-1d-2-anchors-2020-05-16.jpg 960w, https:\/\/tonalibus.org\/wp-content\/uploads\/2020\/06\/Tonalibus-1d-2-anchors-2020-05-16-300x225.jpg 300w, https:\/\/tonalibus.org\/wp-content\/uploads\/2020\/06\/Tonalibus-1d-2-anchors-2020-05-16-768x576.jpg 768w\" sizes=\"auto, (max-width: 404px) 100vw, 404px\" \/><figcaption class=\"wp-element-caption\">Ancoraggio armonico o tonale sul perno a doppia spirale<\/figcaption><\/figure>\n<\/div>","protected":false},"excerpt":{"rendered":"<p>La tagline di Tonalibus ne evidenzia l'essenza: Armonia e tonalit\u00e0 ancorate. La parte teorica \u00e8 rappresentata dalla compilazione, per lo pi\u00f9 visiva, dei concetti di armonia presentati di seguito. La parte pratica, che comprende pi\u00f9 clip audio per ogni tonalit\u00e0, si trova nel catalogo delle tonalit\u00e0 ancorate. Tonalibus presenta i suoi concetti nella serie di corsi in cinque parti Armonia ... <\/p>\n<p class=\"link-more\"><a href=\"https:\/\/tonalibus.org\/it\/inner-circle\/repository\/concepts\/\" class=\"more-link\">Leggi tutto<span class=\"screen-reader-text\"> \"Concetti\"<\/span><\/a><\/p>","protected":false},"author":1,"featured_media":0,"parent":2136,"menu_order":0,"comment_status":"closed","ping_status":"closed","template":"","meta":{"footnotes":""},"class_list":["post-458","page","type-page","status-publish","hentry"],"yoast_head":"<!-- This site is optimized with the Yoast SEO plugin v27.4 - https:\/\/yoast.com\/product\/yoast-seo-wordpress\/ -->\n<title>Concepts &#8211; TONALIBUS, Anchored Harmony and Tonalities<\/title>\n<meta name=\"description\" content=\"Tonalibus concepts are presented in the five-course series Harmonic and Tonality Fundamentals, plus in a brief, a preview, a review, and some highlights.\" \/>\n<meta name=\"robots\" content=\"index, follow, max-snippet:-1, max-image-preview:large, max-video-preview:-1\" \/>\n<link rel=\"canonical\" href=\"https:\/\/tonalibus.org\/it\/inner-circle\/repository\/concepts\/\" \/>\n<meta property=\"og:locale\" content=\"it_IT\" \/>\n<meta property=\"og:type\" content=\"article\" \/>\n<meta property=\"og:title\" content=\"Concepts &#8211; TONALIBUS, Anchored Harmony and Tonalities\" \/>\n<meta property=\"og:description\" content=\"Tonalibus concepts are presented in the five-course series Harmonic and Tonality Fundamentals, plus in a brief, a preview, a review, and some highlights.\" \/>\n<meta property=\"og:url\" content=\"https:\/\/tonalibus.org\/it\/inner-circle\/repository\/concepts\/\" \/>\n<meta property=\"og:site_name\" content=\"TONALIBUS\" \/>\n<meta property=\"article:modified_time\" content=\"2025-03-24T08:17:33+00:00\" \/>\n<meta property=\"og:image\" content=\"https:\/\/tonalibus.org\/wp-content\/uploads\/2020\/06\/Tonalibus-1d-2-anchors-2020-05-16.jpg\" \/>\n<meta name=\"twitter:card\" content=\"summary_large_image\" \/>\n<meta name=\"twitter:label1\" content=\"Tempo di lettura stimato\" \/>\n\t<meta name=\"twitter:data1\" content=\"2 minuti\" \/>\n<script type=\"application\/ld+json\" class=\"yoast-schema-graph\">{\"@context\":\"https:\\\/\\\/schema.org\",\"@graph\":[{\"@type\":\"WebPage\",\"@id\":\"https:\\\/\\\/tonalibus.org\\\/de\\\/inner-circle\\\/repository\\\/concepts\\\/\",\"url\":\"https:\\\/\\\/tonalibus.org\\\/de\\\/inner-circle\\\/repository\\\/concepts\\\/\",\"name\":\"Concepts &#8211; TONALIBUS, Anchored Harmony and Tonalities\",\"isPartOf\":{\"@id\":\"https:\\\/\\\/tonalibus.org\\\/de\\\/#website\"},\"primaryImageOfPage\":{\"@id\":\"https:\\\/\\\/tonalibus.org\\\/de\\\/inner-circle\\\/repository\\\/concepts\\\/#primaryimage\"},\"image\":{\"@id\":\"https:\\\/\\\/tonalibus.org\\\/de\\\/inner-circle\\\/repository\\\/concepts\\\/#primaryimage\"},\"thumbnailUrl\":\"https:\\\/\\\/tonalibus.org\\\/wp-content\\\/uploads\\\/2020\\\/06\\\/Tonalibus-1d-2-anchors-2020-05-16.jpg\",\"datePublished\":\"2020-06-17T09:57:37+00:00\",\"dateModified\":\"2025-03-24T08:17:33+00:00\",\"description\":\"Tonalibus concepts are presented in the five-course series Harmonic and Tonality Fundamentals, plus in a brief, a preview, a review, and some highlights.\",\"breadcrumb\":{\"@id\":\"https:\\\/\\\/tonalibus.org\\\/de\\\/inner-circle\\\/repository\\\/concepts\\\/#breadcrumb\"},\"inLanguage\":\"it-IT\",\"potentialAction\":[{\"@type\":\"ReadAction\",\"target\":[\"https:\\\/\\\/tonalibus.org\\\/de\\\/inner-circle\\\/repository\\\/concepts\\\/\"]}]},{\"@type\":\"ImageObject\",\"inLanguage\":\"it-IT\",\"@id\":\"https:\\\/\\\/tonalibus.org\\\/de\\\/inner-circle\\\/repository\\\/concepts\\\/#primaryimage\",\"url\":\"https:\\\/\\\/tonalibus.org\\\/wp-content\\\/uploads\\\/2020\\\/06\\\/Tonalibus-1d-2-anchors-2020-05-16.jpg\",\"contentUrl\":\"https:\\\/\\\/tonalibus.org\\\/wp-content\\\/uploads\\\/2020\\\/06\\\/Tonalibus-1d-2-anchors-2020-05-16.jpg\"},{\"@type\":\"BreadcrumbList\",\"@id\":\"https:\\\/\\\/tonalibus.org\\\/de\\\/inner-circle\\\/repository\\\/concepts\\\/#breadcrumb\",\"itemListElement\":[{\"@type\":\"ListItem\",\"position\":1,\"name\":\"Home\",\"item\":\"https:\\\/\\\/tonalibus.org\\\/\"},{\"@type\":\"ListItem\",\"position\":2,\"name\":\"Protected: Inner Circle\",\"item\":\"https:\\\/\\\/tonalibus.org\\\/en\\\/inner-circle\\\/\"},{\"@type\":\"ListItem\",\"position\":3,\"name\":\"Gesch\u00fctzt: Repository\",\"item\":\"https:\\\/\\\/tonalibus.org\\\/de\\\/inner-circle\\\/repository\\\/\"},{\"@type\":\"ListItem\",\"position\":4,\"name\":\"Concepts\"}]},{\"@type\":\"WebSite\",\"@id\":\"https:\\\/\\\/tonalibus.org\\\/de\\\/#website\",\"url\":\"https:\\\/\\\/tonalibus.org\\\/de\\\/\",\"name\":\"TONALIBUS\",\"description\":\"Anchored Harmony and Tonalities\",\"publisher\":{\"@id\":\"https:\\\/\\\/tonalibus.org\\\/de\\\/#\\\/schema\\\/person\\\/749261d7bc96d1f00127273f83ab96a4\"},\"potentialAction\":[{\"@type\":\"SearchAction\",\"target\":{\"@type\":\"EntryPoint\",\"urlTemplate\":\"https:\\\/\\\/tonalibus.org\\\/de\\\/?s={search_term_string}\"},\"query-input\":{\"@type\":\"PropertyValueSpecification\",\"valueRequired\":true,\"valueName\":\"search_term_string\"}}],\"inLanguage\":\"it-IT\"},{\"@type\":[\"Person\",\"Organization\"],\"@id\":\"https:\\\/\\\/tonalibus.org\\\/de\\\/#\\\/schema\\\/person\\\/749261d7bc96d1f00127273f83ab96a4\",\"name\":\"Ulrico\",\"image\":{\"@type\":\"ImageObject\",\"inLanguage\":\"it-IT\",\"@id\":\"https:\\\/\\\/tonalibus.org\\\/wp-content\\\/uploads\\\/2020\\\/06\\\/uli-pix.jpg\",\"url\":\"https:\\\/\\\/tonalibus.org\\\/wp-content\\\/uploads\\\/2020\\\/06\\\/uli-pix.jpg\",\"contentUrl\":\"https:\\\/\\\/tonalibus.org\\\/wp-content\\\/uploads\\\/2020\\\/06\\\/uli-pix.jpg\",\"width\":960,\"height\":720,\"caption\":\"Ulrico\"},\"logo\":{\"@id\":\"https:\\\/\\\/tonalibus.org\\\/wp-content\\\/uploads\\\/2020\\\/06\\\/uli-pix.jpg\"},\"sameAs\":[\"https:\\\/\\\/tonalibus.cyon.site\"]}]}<\/script>\n<!-- \/ Yoast SEO plugin. -->","yoast_head_json":{"title":"Concetti - TONALIBUS, Armonia ancorata e tonalit\u00e0","description":"I concetti di Tonalibus sono presentati nella serie di cinque portate Harmonic and Tonality Fundamentals, pi\u00f9 in breve, un'anteprima, una recensione e alcuni punti salienti.","robots":{"index":"index","follow":"follow","max-snippet":"max-snippet:-1","max-image-preview":"max-image-preview:large","max-video-preview":"max-video-preview:-1"},"canonical":"https:\/\/tonalibus.org\/it\/inner-circle\/repository\/concepts\/","og_locale":"it_IT","og_type":"article","og_title":"Concepts &#8211; TONALIBUS, Anchored Harmony and Tonalities","og_description":"Tonalibus concepts are presented in the five-course series Harmonic and Tonality Fundamentals, plus in a brief, a preview, a review, and some highlights.","og_url":"https:\/\/tonalibus.org\/it\/inner-circle\/repository\/concepts\/","og_site_name":"TONALIBUS","article_modified_time":"2025-03-24T08:17:33+00:00","og_image":[{"url":"https:\/\/tonalibus.org\/wp-content\/uploads\/2020\/06\/Tonalibus-1d-2-anchors-2020-05-16.jpg","type":"","width":"","height":""}],"twitter_card":"summary_large_image","twitter_misc":{"Tempo di lettura stimato":"2 minuti"},"schema":{"@context":"https:\/\/schema.org","@graph":[{"@type":"WebPage","@id":"https:\/\/tonalibus.org\/de\/inner-circle\/repository\/concepts\/","url":"https:\/\/tonalibus.org\/de\/inner-circle\/repository\/concepts\/","name":"Concetti - TONALIBUS, Armonia ancorata e tonalit\u00e0","isPartOf":{"@id":"https:\/\/tonalibus.org\/de\/#website"},"primaryImageOfPage":{"@id":"https:\/\/tonalibus.org\/de\/inner-circle\/repository\/concepts\/#primaryimage"},"image":{"@id":"https:\/\/tonalibus.org\/de\/inner-circle\/repository\/concepts\/#primaryimage"},"thumbnailUrl":"https:\/\/tonalibus.org\/wp-content\/uploads\/2020\/06\/Tonalibus-1d-2-anchors-2020-05-16.jpg","datePublished":"2020-06-17T09:57:37+00:00","dateModified":"2025-03-24T08:17:33+00:00","description":"I concetti di Tonalibus sono presentati nella serie di cinque portate Harmonic and Tonality Fundamentals, pi\u00f9 in breve, un'anteprima, una recensione e alcuni punti salienti.","breadcrumb":{"@id":"https:\/\/tonalibus.org\/de\/inner-circle\/repository\/concepts\/#breadcrumb"},"inLanguage":"it-IT","potentialAction":[{"@type":"ReadAction","target":["https:\/\/tonalibus.org\/de\/inner-circle\/repository\/concepts\/"]}]},{"@type":"ImageObject","inLanguage":"it-IT","@id":"https:\/\/tonalibus.org\/de\/inner-circle\/repository\/concepts\/#primaryimage","url":"https:\/\/tonalibus.org\/wp-content\/uploads\/2020\/06\/Tonalibus-1d-2-anchors-2020-05-16.jpg","contentUrl":"https:\/\/tonalibus.org\/wp-content\/uploads\/2020\/06\/Tonalibus-1d-2-anchors-2020-05-16.jpg"},{"@type":"BreadcrumbList","@id":"https:\/\/tonalibus.org\/de\/inner-circle\/repository\/concepts\/#breadcrumb","itemListElement":[{"@type":"ListItem","position":1,"name":"Home","item":"https:\/\/tonalibus.org\/"},{"@type":"ListItem","position":2,"name":"Protected: Inner Circle","item":"https:\/\/tonalibus.org\/en\/inner-circle\/"},{"@type":"ListItem","position":3,"name":"Gesch\u00fctzt: Repository","item":"https:\/\/tonalibus.org\/de\/inner-circle\/repository\/"},{"@type":"ListItem","position":4,"name":"Concepts"}]},{"@type":"WebSite","@id":"https:\/\/tonalibus.org\/de\/#website","url":"https:\/\/tonalibus.org\/de\/","name":"TONALIBUS","description":"Armonia e tonalit\u00e0 ancorate","publisher":{"@id":"https:\/\/tonalibus.org\/de\/#\/schema\/person\/749261d7bc96d1f00127273f83ab96a4"},"potentialAction":[{"@type":"SearchAction","target":{"@type":"EntryPoint","urlTemplate":"https:\/\/tonalibus.org\/de\/?s={search_term_string}"},"query-input":{"@type":"PropertyValueSpecification","valueRequired":true,"valueName":"search_term_string"}}],"inLanguage":"it-IT"},{"@type":["Person","Organization"],"@id":"https:\/\/tonalibus.org\/de\/#\/schema\/person\/749261d7bc96d1f00127273f83ab96a4","name":"Ulrico","image":{"@type":"ImageObject","inLanguage":"it-IT","@id":"https:\/\/tonalibus.org\/wp-content\/uploads\/2020\/06\/uli-pix.jpg","url":"https:\/\/tonalibus.org\/wp-content\/uploads\/2020\/06\/uli-pix.jpg","contentUrl":"https:\/\/tonalibus.org\/wp-content\/uploads\/2020\/06\/uli-pix.jpg","width":960,"height":720,"caption":"Ulrico"},"logo":{"@id":"https:\/\/tonalibus.org\/wp-content\/uploads\/2020\/06\/uli-pix.jpg"},"sameAs":["https:\/\/tonalibus.cyon.site"]}]}},"_links":{"self":[{"href":"https:\/\/tonalibus.org\/it\/wp-json\/wp\/v2\/pages\/458","targetHints":{"allow":["GET"]}}],"collection":[{"href":"https:\/\/tonalibus.org\/it\/wp-json\/wp\/v2\/pages"}],"about":[{"href":"https:\/\/tonalibus.org\/it\/wp-json\/wp\/v2\/types\/page"}],"author":[{"embeddable":true,"href":"https:\/\/tonalibus.org\/it\/wp-json\/wp\/v2\/users\/1"}],"replies":[{"embeddable":true,"href":"https:\/\/tonalibus.org\/it\/wp-json\/wp\/v2\/comments?post=458"}],"version-history":[{"count":0,"href":"https:\/\/tonalibus.org\/it\/wp-json\/wp\/v2\/pages\/458\/revisions"}],"up":[{"embeddable":true,"href":"https:\/\/tonalibus.org\/it\/wp-json\/wp\/v2\/pages\/2136"}],"wp:attachment":[{"href":"https:\/\/tonalibus.org\/it\/wp-json\/wp\/v2\/media?parent=458"}],"curies":[{"name":"wp","href":"https:\/\/api.w.org\/{rel}","templated":true}]}}