{"id":6855,"date":"2020-12-01T16:48:20","date_gmt":"2020-12-01T15:48:20","guid":{"rendered":"https:\/\/tonalibus.org\/?page_id=6855"},"modified":"2024-08-25T17:46:48","modified_gmt":"2024-08-25T15:46:48","slug":"recent-posts","status":"publish","type":"page","link":"https:\/\/tonalibus.org\/it\/spiritualibus-blog\/recent-posts\/","title":{"rendered":"Messaggi recenti del blog"},"content":{"rendered":"<h2 class=\"wp-block-heading has-text-align-center has-text-color has-link-color wp-elements-65f5990ac668f7250ffee8a54c81d87d\" style=\"color:#f7b320\"><mark style=\"background-color:rgba(0, 0, 0, 0);color:#f7b320\" class=\"has-inline-color\">Recenti messaggi sul blog Spiritualibus (tutte le categorie)<\/mark><\/h2>\n\n\n\n<p class=\"has-text-align-center has-text-color has-link-color wp-elements-ff7969a7d601f9b0a30388970f00c341\" style=\"color:#f7b320\">(cliccare sul titolo per accedere all'intero messaggio)<\/p>\n\n\n\n<div style=\"height:20px\" aria-hidden=\"true\" class=\"wp-block-spacer\"><\/div>\n\n\n<ul class=\"wp-block-latest-posts__list has-dates aligncenter wp-block-latest-posts\"><li><a class=\"wp-block-latest-posts__post-title\" href=\"https:\/\/tonalibus.org\/it\/2026\/05\/06\/tonality-of-the-moment-hexaremix\/\">La tonalit\u00e0 del momento: EsaReMix<\/a><time datetime=\"2026-05-06T21:11:19+02:00\" class=\"wp-block-latest-posts__post-date\">6 maggio 2026<\/time><div class=\"wp-block-latest-posts__post-excerpt\">La tonalit\u00e0 del momento per la tarda primavera \/ inizio estate 2026 \u00e8 EsaReMix, una esatonalit\u00e0 derivata...<\/div><\/li>\n<li><a class=\"wp-block-latest-posts__post-title\" href=\"https:\/\/tonalibus.org\/it\/2026\/05\/03\/happy-about-impermanence\/\">Felice dell'impermanenza<\/a><time datetime=\"2026-05-03T17:23:05+02:00\" class=\"wp-block-latest-posts__post-date\">3 maggio 2026<\/time><div class=\"wp-block-latest-posts__post-excerpt\">Felice dell'impermanenza, \nperch\u00e9 soffrire invece di lasciar andare, \nquesto non \u00e8 mio, questo non sono io, \nquesto non \u00e8 il mio s\u00e9...<\/div><\/li>\n<li><a class=\"wp-block-latest-posts__post-title\" href=\"https:\/\/tonalibus.org\/it\/2026\/04\/29\/tonalibus-r-s-t-the-album\/\">Tonalibus R, S &amp; T \u2013 l'album<\/a><time datetime=\"2026-04-29T07:32:57+02:00\" class=\"wp-block-latest-posts__post-date\">29 aprile 2026<\/time><div class=\"wp-block-latest-posts__post-excerpt\">Il triplo album \u201cTonalibus R, S &amp; T\u201d viene pubblicato su molte piattaforme musicali il 1\u00b0 maggio 2026 con 27 improvvisazioni meditative composte da Ulrico... <\/div><\/li>\n<li><a class=\"wp-block-latest-posts__post-title\" href=\"https:\/\/tonalibus.org\/it\/2026\/04\/19\/directly-knowing\/\">Conoscere direttamente<\/a><time datetime=\"2026-04-19T10:08:57+02:00\" class=\"wp-block-latest-posts__post-date\">19 aprile 2026<\/time><div class=\"wp-block-latest-posts__post-excerpt\">Conoscere direttamente\nguardare e ascoltare\nper compassione\ntrasmettere ad altri \n. . .<\/div><\/li>\n<li><a class=\"wp-block-latest-posts__post-title\" href=\"https:\/\/tonalibus.org\/it\/2026\/03\/20\/once-upon-a-time\/\">C'era una volta<\/a><time datetime=\"2026-03-20T13:04:18+01:00\" class=\"wp-block-latest-posts__post-date\">20 marzo 2026<\/time><div class=\"wp-block-latest-posts__post-excerpt\">C'era una volta\nche ho sentito\nin un'occasione\nimpegnato a vivere \n. . .<\/div><\/li>\n<li><a class=\"wp-block-latest-posts__post-title\" href=\"https:\/\/tonalibus.org\/it\/2026\/03\/13\/winter-spring-2026-tonalibus-update\/\">Aggiornamento Tonalibus inverno-primavera 2026<\/a><time datetime=\"2026-03-13T17:51:13+01:00\" class=\"wp-block-latest-posts__post-date\">13 marzo 2026<\/time><div class=\"wp-block-latest-posts__post-excerpt\">Questo aggiornamento Tonalibus inverno-primavera 2026 annuncia l'imminente uscita del nuovo triplo album \u201cTonalibus R, S &amp; T\u201d il 1\u00b0 maggio. Poi mette in evidenza nuove registrazioni Tonalibus e pi\u00f9...<\/div><\/li>\n<li><a class=\"wp-block-latest-posts__post-title\" href=\"https:\/\/tonalibus.org\/it\/2026\/02\/23\/a-burning-platform\/\">Una piattaforma in fiamme<\/a><time datetime=\"2026-02-23T11:58:22+01:00\" class=\"wp-block-latest-posts__post-date\">23 febbraio 2026<\/time><div class=\"wp-block-latest-posts__post-excerpt\">Una piattaforma in fiamme\nquesto mondo infuocato\ngestire bene il fuoco\nuna sfida estrema \n. . .<\/div><\/li>\n<li><a class=\"wp-block-latest-posts__post-title\" href=\"https:\/\/tonalibus.org\/it\/2026\/02\/16\/tonality-of-the-moment-hexablunamix\/\">La tonalit\u00e0 del momento: EsaBluNaMix<\/a><time datetime=\"2026-02-16T18:53:33+01:00\" class=\"wp-block-latest-posts__post-date\">16 febbraio 2026<\/time><div class=\"wp-block-latest-posts__post-excerpt\">La tonalit\u00e0 del momento per la primavera 2026 \u00e8 EsaBluNaMix, una esatonalit\u00e0 BluNa \/ (Lo)Mid con un equilibrio interno unico...<\/div><\/li>\n<li><a class=\"wp-block-latest-posts__post-title\" href=\"https:\/\/tonalibus.org\/it\/2026\/02\/09\/refuge\/\">Rifugio<\/a><time datetime=\"2026-02-09T15:24:36+01:00\" class=\"wp-block-latest-posts__post-date\">9 febbraio 2026<\/time><div class=\"wp-block-latest-posts__post-excerpt\">Rifugio\nsolo un nome\nuna volta scelto\nin piena autonomia\nda se stesso tanto tempo fa \n. . .<\/div><\/li>\n<li><a class=\"wp-block-latest-posts__post-title\" href=\"https:\/\/tonalibus.org\/it\/2026\/01\/27\/looking-beyond-duality\/\">Guardare oltre la dualit\u00e0<\/a><time datetime=\"2026-01-27T14:47:16+01:00\" class=\"wp-block-latest-posts__post-date\">27 gennaio 2026<\/time><div class=\"wp-block-latest-posts__post-excerpt\">Guardare oltre la dualit\u00e0\nfinice la de-personificazione\nun esperimento concluso allora\ncon la nitida consapevolezza\ndella personificazione in tutto\n. . .<\/div><\/li>\n<li><a class=\"wp-block-latest-posts__post-title\" href=\"https:\/\/tonalibus.org\/it\/2026\/01\/04\/together-in-the-harmony-of-life\/\">Insieme nell'armonia della vita<\/a><time datetime=\"2026-01-04T11:16:10+01:00\" class=\"wp-block-latest-posts__post-date\">4 gennaio 2026<\/time><div class=\"wp-block-latest-posts__post-excerpt\">\u201cInsieme nell'armonia della vita\u201d \nnella Casa delle religioni a Berna \u2013 \nMeditazione, silenzio, suono e parole \n...<\/div><\/li>\n<li><a class=\"wp-block-latest-posts__post-title\" href=\"https:\/\/tonalibus.org\/it\/2025\/12\/31\/awake-here-now\/\">Svegliato qui ora<\/a><time datetime=\"2025-12-31T17:23:31+01:00\" class=\"wp-block-latest-posts__post-date\">31 dicembre 2025<\/time><div class=\"wp-block-latest-posts__post-excerpt\">Svegliato qui ora\ndopo il sonno\npoi svegliato \n . . .<\/div><\/li>\n<li><a class=\"wp-block-latest-posts__post-title\" href=\"https:\/\/tonalibus.org\/it\/2025\/12\/25\/spiritual-openness\/\">Apertura spirituale<\/a><time datetime=\"2025-12-25T18:34:17+01:00\" class=\"wp-block-latest-posts__post-date\">25 dicembre 2025<\/time><div class=\"wp-block-latest-posts__post-excerpt\">Apertura spirituale\nsenza alcuna fissazione\nreligiosa o dogmatica\n\u00e8 difficile da trovare \n. . .<\/div><\/li>\n<li><a class=\"wp-block-latest-posts__post-title\" href=\"https:\/\/tonalibus.org\/it\/2025\/12\/16\/flashes-of-radiant-cognizance-the-single\/\">Flashes of radiant cognizance \u2013 il singolo<\/a><time datetime=\"2025-12-16T11:19:14+01:00\" class=\"wp-block-latest-posts__post-date\">16 dicembre 2025<\/time><div class=\"wp-block-latest-posts__post-excerpt\">\u201cFlashes of radiant cognizance\u201d \u2013 nello spazio vuoto \u2014 meditazione melodica \u2013 appare globalmente come nuovo singolo Tonalibus il 22 dicembre 2025.<\/div><\/li>\n<li><a class=\"wp-block-latest-posts__post-title\" href=\"https:\/\/tonalibus.org\/it\/2025\/12\/11\/a-dream-of-life\/\">Un sogno di vita<\/a><time datetime=\"2025-12-11T11:55:55+01:00\" class=\"wp-block-latest-posts__post-date\">11 dicembre 2025<\/time><div class=\"wp-block-latest-posts__post-excerpt\">Un sogno di vita\ninizia a riconoscere\nfinalmente l'unicorno\na occhio tutto nudo \n...<\/div><\/li>\n<li><a class=\"wp-block-latest-posts__post-title\" href=\"https:\/\/tonalibus.org\/it\/2025\/12\/01\/reality-is-what-one-believes\/\">La realt\u00e0 \u00e8 ci\u00f2 che si crede<\/a><time datetime=\"2025-12-01T11:36:06+01:00\" class=\"wp-block-latest-posts__post-date\">1 dicembre 2025<\/time><div class=\"wp-block-latest-posts__post-excerpt\">La realt\u00e0 \u00e8 ci\u00f2 che si crede \nquindi smetti di credere per vedere \nla realt\u00e0 \u00e8 ci\u00f2 che si crede \n...<\/div><\/li>\n<li><a class=\"wp-block-latest-posts__post-title\" href=\"https:\/\/tonalibus.org\/it\/2025\/11\/11\/tathagata-or-buddha\/\">Tath\u0101gata o Buddha<\/a><time datetime=\"2025-11-11T15:56:42+01:00\" class=\"wp-block-latest-posts__post-date\">11 novembre 2025<\/time><div class=\"wp-block-latest-posts__post-excerpt\">Tath\u0101gata o Buddha, \npluralit\u00e0 anzich\u00e9 uniformit\u00e0, \ncomprensione anzich\u00e9 rifiuto, \nconsapevolezza anzich\u00e9 ignoranza, \n...<\/div><\/li>\n<li><a class=\"wp-block-latest-posts__post-title\" href=\"https:\/\/tonalibus.org\/it\/2025\/11\/05\/tonality-of-the-moment-pentacor\/\">La tonalit\u00e0 del momento: PentaCor<\/a><time datetime=\"2025-11-05T12:41:28+01:00\" class=\"wp-block-latest-posts__post-date\">5 novembre 2025<\/time><div class=\"wp-block-latest-posts__post-excerpt\">La tonalit\u00e0 del momento per l'inverno 2025-2026 \u00e8 PentaCor, una tonalit\u00e0 Core e una pentatonalit\u00e0 di base parzialmente ancorata...<\/div><\/li>\n<li><a class=\"wp-block-latest-posts__post-title\" href=\"https:\/\/tonalibus.org\/it\/2025\/11\/01\/i-remember-you\/\">Mi ricordo di te<\/a><time datetime=\"2025-11-01T11:40:17+01:00\" class=\"wp-block-latest-posts__post-date\">1 novembre 2025<\/time><div class=\"wp-block-latest-posts__post-excerpt\">Ora mi ricordo di te\nnel attimo presente\nanche se sei lontano\nsei qui nel mio cuore \n...<\/div><\/li>\n<li><a class=\"wp-block-latest-posts__post-title\" href=\"https:\/\/tonalibus.org\/it\/2025\/10\/25\/autumn-2025-tonalibus-update\/\">Aggiornamento Tonalibus di autunno 2025<\/a><time datetime=\"2025-10-25T23:57:13+02:00\" class=\"wp-block-latest-posts__post-date\">25 ottobre 2025<\/time><div class=\"wp-block-latest-posts__post-excerpt\">Questo aggiornamento Tonalibus riguarda l'uscita del nuovo singolo \u201cFlashes of radiant cognizance\u201d il 22 dicembre, il recente singolo \u201cSwami Uodalric puja\u201d, le nuove registrazioni Tonalibus in Playlist e Suoni, una nuova esatonalit\u00e0 derivata, ecc.<\/div><\/li>\n<\/ul>\n\n\n<div style=\"height:7px\" aria-hidden=\"true\" class=\"wp-block-spacer\"><\/div>\n\n\n\n<p class=\"has-text-align-center\"><mark style=\"background-color:rgba(0, 0, 0, 0);color:#f7b320\" class=\"has-inline-color\">Puoi accedere ai messaggi pi\u00f9 vecchi del blog <\/mark><a href=\"https:\/\/tonalibus.org\/it\/spiritualibus-blog\/#category\"><mark style=\"background-color:rgba(0, 0, 0, 0);color:#f7b320\" class=\"has-inline-color\">per categoria o per mese<\/mark><\/a><mark style=\"background-color:rgba(0, 0, 0, 0);color:#f7b320\" class=\"has-inline-color\">.<\/mark><\/p>\n\n\n\n<div style=\"height:44px\" aria-hidden=\"true\" class=\"wp-block-spacer\"><\/div>\n\n\n<div class=\"wp-block-image\">\n<figure class=\"aligncenter size-large\"><img loading=\"lazy\" decoding=\"async\" width=\"1024\" height=\"293\" src=\"https:\/\/tonalibus.org\/wp-content\/uploads\/2020\/12\/IMG_3085-cxv-1024x293.jpg\" alt=\"Recent Blog Posts\" class=\"wp-image-6936\" srcset=\"https:\/\/tonalibus.org\/wp-content\/uploads\/2020\/12\/IMG_3085-cxv-1024x293.jpg 1024w, https:\/\/tonalibus.org\/wp-content\/uploads\/2020\/12\/IMG_3085-cxv-300x86.jpg 300w, https:\/\/tonalibus.org\/wp-content\/uploads\/2020\/12\/IMG_3085-cxv-768x219.jpg 768w, https:\/\/tonalibus.org\/wp-content\/uploads\/2020\/12\/IMG_3085-cxv-1536x439.jpg 1536w, https:\/\/tonalibus.org\/wp-content\/uploads\/2020\/12\/IMG_3085-cxv-2048x585.jpg 2048w, https:\/\/tonalibus.org\/wp-content\/uploads\/2020\/12\/IMG_3085-cxv-16x5.jpg 16w, https:\/\/tonalibus.org\/wp-content\/uploads\/2020\/12\/IMG_3085-cxv-1320x377.jpg 1320w\" sizes=\"auto, (max-width: 706px) 89vw, (max-width: 767px) 82vw, 740px\" \/><figcaption class=\"wp-element-caption\">Il sole scende per risalire un altro giorno \u2013 Eriz, Svizzera \u2013 giugno 2020<\/figcaption><\/figure>\n<\/div>","protected":false},"excerpt":{"rendered":"<p>Post recenti del blog Spiritualibus (tutte le categorie) (clicca sul titolo del post per accedere all'intero post) Puoi accedere ai post pi\u00f9 vecchi del blog per categoria o per mese.<\/p>","protected":false},"author":1,"featured_media":0,"parent":3857,"menu_order":1,"comment_status":"closed","ping_status":"closed","template":"","meta":{"footnotes":""},"class_list":["post-6855","page","type-page","status-publish","hentry"],"yoast_head":"<!-- This site is optimized with the Yoast SEO plugin v27.5 - https:\/\/yoast.com\/product\/yoast-seo-wordpress\/ -->\n<title>Recent Blog Posts &#8211; TONALIBUS, Harmony and Tonalities<\/title>\n<meta name=\"description\" content=\"Recent Blog Posts \u2013 This Tonalibus webpage features a list of most recent Spiritualibus blog posts of all categories.\" \/>\n<meta name=\"robots\" content=\"index, follow, max-snippet:-1, max-image-preview:large, max-video-preview:-1\" \/>\n<link rel=\"canonical\" href=\"https:\/\/tonalibus.org\/it\/spiritualibus-blog\/recent-posts\/\" \/>\n<meta property=\"og:locale\" content=\"it_IT\" \/>\n<meta property=\"og:type\" content=\"article\" \/>\n<meta property=\"og:title\" content=\"Recent Blog Posts &#8211; TONALIBUS, Harmony and Tonalities\" \/>\n<meta property=\"og:description\" content=\"Recent Blog Posts \u2013 This Tonalibus webpage features a list of most recent Spiritualibus blog posts of all categories.\" \/>\n<meta property=\"og:url\" content=\"https:\/\/tonalibus.org\/it\/spiritualibus-blog\/recent-posts\/\" \/>\n<meta property=\"og:site_name\" content=\"TONALIBUS\" \/>\n<meta property=\"article:modified_time\" content=\"2024-08-25T15:46:48+00:00\" \/>\n<meta property=\"og:image\" content=\"https:\/\/tonalibus.org\/wp-content\/uploads\/2020\/12\/IMG_3085-cxv-1024x293.jpg\" \/>\n<meta name=\"twitter:card\" content=\"summary_large_image\" \/>\n<meta name=\"twitter:label1\" content=\"Tempo di lettura stimato\" \/>\n\t<meta name=\"twitter:data1\" content=\"1 minuto\" \/>\n<script type=\"application\/ld+json\" class=\"yoast-schema-graph\">{\"@context\":\"https:\\\/\\\/schema.org\",\"@graph\":[{\"@type\":\"WebPage\",\"@id\":\"https:\\\/\\\/tonalibus.org\\\/spiritualibus-blog\\\/recent-posts\\\/\",\"url\":\"https:\\\/\\\/tonalibus.org\\\/spiritualibus-blog\\\/recent-posts\\\/\",\"name\":\"Recent Blog Posts &#8211; TONALIBUS, Harmony and Tonalities\",\"isPartOf\":{\"@id\":\"https:\\\/\\\/tonalibus.org\\\/de\\\/#website\"},\"primaryImageOfPage\":{\"@id\":\"https:\\\/\\\/tonalibus.org\\\/spiritualibus-blog\\\/recent-posts\\\/#primaryimage\"},\"image\":{\"@id\":\"https:\\\/\\\/tonalibus.org\\\/spiritualibus-blog\\\/recent-posts\\\/#primaryimage\"},\"thumbnailUrl\":\"https:\\\/\\\/tonalibus.org\\\/wp-content\\\/uploads\\\/2020\\\/12\\\/IMG_3085-cxv-1024x293.jpg\",\"datePublished\":\"2020-12-01T15:48:20+00:00\",\"dateModified\":\"2024-08-25T15:46:48+00:00\",\"description\":\"Recent Blog Posts \u2013 This Tonalibus webpage features a list of most recent Spiritualibus blog posts of all categories.\",\"breadcrumb\":{\"@id\":\"https:\\\/\\\/tonalibus.org\\\/spiritualibus-blog\\\/recent-posts\\\/#breadcrumb\"},\"inLanguage\":\"it-IT\",\"potentialAction\":[{\"@type\":\"ReadAction\",\"target\":[\"https:\\\/\\\/tonalibus.org\\\/spiritualibus-blog\\\/recent-posts\\\/\"]}]},{\"@type\":\"ImageObject\",\"inLanguage\":\"it-IT\",\"@id\":\"https:\\\/\\\/tonalibus.org\\\/spiritualibus-blog\\\/recent-posts\\\/#primaryimage\",\"url\":\"https:\\\/\\\/tonalibus.org\\\/wp-content\\\/uploads\\\/2020\\\/12\\\/IMG_3085-cxv-1024x293.jpg\",\"contentUrl\":\"https:\\\/\\\/tonalibus.org\\\/wp-content\\\/uploads\\\/2020\\\/12\\\/IMG_3085-cxv-1024x293.jpg\"},{\"@type\":\"BreadcrumbList\",\"@id\":\"https:\\\/\\\/tonalibus.org\\\/spiritualibus-blog\\\/recent-posts\\\/#breadcrumb\",\"itemListElement\":[{\"@type\":\"ListItem\",\"position\":1,\"name\":\"Home\",\"item\":\"https:\\\/\\\/tonalibus.org\\\/\"},{\"@type\":\"ListItem\",\"position\":2,\"name\":\"Spiritualibus Blog\",\"item\":\"https:\\\/\\\/tonalibus.org\\\/spiritualibus-blog\\\/\"},{\"@type\":\"ListItem\",\"position\":3,\"name\":\"Recent Blog Posts\"}]},{\"@type\":\"WebSite\",\"@id\":\"https:\\\/\\\/tonalibus.org\\\/de\\\/#website\",\"url\":\"https:\\\/\\\/tonalibus.org\\\/de\\\/\",\"name\":\"TONALIBUS\",\"description\":\"Anchored Harmony and Tonalities\",\"publisher\":{\"@id\":\"https:\\\/\\\/tonalibus.org\\\/de\\\/#\\\/schema\\\/person\\\/749261d7bc96d1f00127273f83ab96a4\"},\"potentialAction\":[{\"@type\":\"SearchAction\",\"target\":{\"@type\":\"EntryPoint\",\"urlTemplate\":\"https:\\\/\\\/tonalibus.org\\\/de\\\/?s={search_term_string}\"},\"query-input\":{\"@type\":\"PropertyValueSpecification\",\"valueRequired\":true,\"valueName\":\"search_term_string\"}}],\"inLanguage\":\"it-IT\"},{\"@type\":[\"Person\",\"Organization\"],\"@id\":\"https:\\\/\\\/tonalibus.org\\\/de\\\/#\\\/schema\\\/person\\\/749261d7bc96d1f00127273f83ab96a4\",\"name\":\"Ulrico\",\"image\":{\"@type\":\"ImageObject\",\"inLanguage\":\"it-IT\",\"@id\":\"https:\\\/\\\/tonalibus.org\\\/wp-content\\\/uploads\\\/2020\\\/06\\\/uli-pix.jpg\",\"url\":\"https:\\\/\\\/tonalibus.org\\\/wp-content\\\/uploads\\\/2020\\\/06\\\/uli-pix.jpg\",\"contentUrl\":\"https:\\\/\\\/tonalibus.org\\\/wp-content\\\/uploads\\\/2020\\\/06\\\/uli-pix.jpg\",\"width\":960,\"height\":720,\"caption\":\"Ulrico\"},\"logo\":{\"@id\":\"https:\\\/\\\/tonalibus.org\\\/wp-content\\\/uploads\\\/2020\\\/06\\\/uli-pix.jpg\"},\"sameAs\":[\"https:\\\/\\\/tonalibus.cyon.site\"]}]}<\/script>\n<!-- \/ Yoast SEO plugin. -->","yoast_head_json":{"title":"Messaggi recenti del blog - TONALIBUS, Armonia e Tonalit\u00e0","description":"Post recenti del blog - Questa pagina web di Tonalibus presenta una lista dei post pi\u00f9 recenti del blog Spiritualibus di tutte le categorie.","robots":{"index":"index","follow":"follow","max-snippet":"max-snippet:-1","max-image-preview":"max-image-preview:large","max-video-preview":"max-video-preview:-1"},"canonical":"https:\/\/tonalibus.org\/it\/spiritualibus-blog\/recent-posts\/","og_locale":"it_IT","og_type":"article","og_title":"Recent Blog Posts &#8211; TONALIBUS, Harmony and Tonalities","og_description":"Recent Blog Posts \u2013 This Tonalibus webpage features a list of most recent Spiritualibus blog posts of all categories.","og_url":"https:\/\/tonalibus.org\/it\/spiritualibus-blog\/recent-posts\/","og_site_name":"TONALIBUS","article_modified_time":"2024-08-25T15:46:48+00:00","og_image":[{"url":"https:\/\/tonalibus.org\/wp-content\/uploads\/2020\/12\/IMG_3085-cxv-1024x293.jpg","type":"","width":"","height":""}],"twitter_card":"summary_large_image","twitter_misc":{"Tempo di lettura stimato":"1 minuto"},"schema":{"@context":"https:\/\/schema.org","@graph":[{"@type":"WebPage","@id":"https:\/\/tonalibus.org\/spiritualibus-blog\/recent-posts\/","url":"https:\/\/tonalibus.org\/spiritualibus-blog\/recent-posts\/","name":"Messaggi recenti del blog - TONALIBUS, Armonia e Tonalit\u00e0","isPartOf":{"@id":"https:\/\/tonalibus.org\/de\/#website"},"primaryImageOfPage":{"@id":"https:\/\/tonalibus.org\/spiritualibus-blog\/recent-posts\/#primaryimage"},"image":{"@id":"https:\/\/tonalibus.org\/spiritualibus-blog\/recent-posts\/#primaryimage"},"thumbnailUrl":"https:\/\/tonalibus.org\/wp-content\/uploads\/2020\/12\/IMG_3085-cxv-1024x293.jpg","datePublished":"2020-12-01T15:48:20+00:00","dateModified":"2024-08-25T15:46:48+00:00","description":"Post recenti del blog - Questa pagina web di Tonalibus presenta una lista dei post pi\u00f9 recenti del blog Spiritualibus di tutte le categorie.","breadcrumb":{"@id":"https:\/\/tonalibus.org\/spiritualibus-blog\/recent-posts\/#breadcrumb"},"inLanguage":"it-IT","potentialAction":[{"@type":"ReadAction","target":["https:\/\/tonalibus.org\/spiritualibus-blog\/recent-posts\/"]}]},{"@type":"ImageObject","inLanguage":"it-IT","@id":"https:\/\/tonalibus.org\/spiritualibus-blog\/recent-posts\/#primaryimage","url":"https:\/\/tonalibus.org\/wp-content\/uploads\/2020\/12\/IMG_3085-cxv-1024x293.jpg","contentUrl":"https:\/\/tonalibus.org\/wp-content\/uploads\/2020\/12\/IMG_3085-cxv-1024x293.jpg"},{"@type":"BreadcrumbList","@id":"https:\/\/tonalibus.org\/spiritualibus-blog\/recent-posts\/#breadcrumb","itemListElement":[{"@type":"ListItem","position":1,"name":"Home","item":"https:\/\/tonalibus.org\/"},{"@type":"ListItem","position":2,"name":"Spiritualibus Blog","item":"https:\/\/tonalibus.org\/spiritualibus-blog\/"},{"@type":"ListItem","position":3,"name":"Recent Blog Posts"}]},{"@type":"WebSite","@id":"https:\/\/tonalibus.org\/de\/#website","url":"https:\/\/tonalibus.org\/de\/","name":"TONALIBUS","description":"Armonia e tonalit\u00e0 ancorate","publisher":{"@id":"https:\/\/tonalibus.org\/de\/#\/schema\/person\/749261d7bc96d1f00127273f83ab96a4"},"potentialAction":[{"@type":"SearchAction","target":{"@type":"EntryPoint","urlTemplate":"https:\/\/tonalibus.org\/de\/?s={search_term_string}"},"query-input":{"@type":"PropertyValueSpecification","valueRequired":true,"valueName":"search_term_string"}}],"inLanguage":"it-IT"},{"@type":["Person","Organization"],"@id":"https:\/\/tonalibus.org\/de\/#\/schema\/person\/749261d7bc96d1f00127273f83ab96a4","name":"Ulrico","image":{"@type":"ImageObject","inLanguage":"it-IT","@id":"https:\/\/tonalibus.org\/wp-content\/uploads\/2020\/06\/uli-pix.jpg","url":"https:\/\/tonalibus.org\/wp-content\/uploads\/2020\/06\/uli-pix.jpg","contentUrl":"https:\/\/tonalibus.org\/wp-content\/uploads\/2020\/06\/uli-pix.jpg","width":960,"height":720,"caption":"Ulrico"},"logo":{"@id":"https:\/\/tonalibus.org\/wp-content\/uploads\/2020\/06\/uli-pix.jpg"},"sameAs":["https:\/\/tonalibus.cyon.site"]}]}},"_links":{"self":[{"href":"https:\/\/tonalibus.org\/it\/wp-json\/wp\/v2\/pages\/6855","targetHints":{"allow":["GET"]}}],"collection":[{"href":"https:\/\/tonalibus.org\/it\/wp-json\/wp\/v2\/pages"}],"about":[{"href":"https:\/\/tonalibus.org\/it\/wp-json\/wp\/v2\/types\/page"}],"author":[{"embeddable":true,"href":"https:\/\/tonalibus.org\/it\/wp-json\/wp\/v2\/users\/1"}],"replies":[{"embeddable":true,"href":"https:\/\/tonalibus.org\/it\/wp-json\/wp\/v2\/comments?post=6855"}],"version-history":[{"count":0,"href":"https:\/\/tonalibus.org\/it\/wp-json\/wp\/v2\/pages\/6855\/revisions"}],"up":[{"embeddable":true,"href":"https:\/\/tonalibus.org\/it\/wp-json\/wp\/v2\/pages\/3857"}],"wp:attachment":[{"href":"https:\/\/tonalibus.org\/it\/wp-json\/wp\/v2\/media?parent=6855"}],"curies":[{"name":"wp","href":"https:\/\/api.w.org\/{rel}","templated":true}]}}