{"id":9169,"date":"2021-03-01T10:41:39","date_gmt":"2021-03-01T09:41:39","guid":{"rendered":"https:\/\/tonalibus.org\/?page_id=9169"},"modified":"2022-03-03T16:23:13","modified_gmt":"2022-03-03T15:23:13","slug":"clarification-of-purpose","status":"publish","type":"page","link":"https:\/\/tonalibus.org\/it\/start\/practical-use-and-purpose\/clarification-of-purpose\/","title":{"rendered":"Chiarimento dello scopo"},"content":{"rendered":"<p><mark style=\"background-color:rgba(0, 0, 0, 0);color:#f7b320\" class=\"has-inline-color\">\"Un essere riceve il vero valore dal fatto che \u00e8 in grado di brillare di luce propria come risultato del suo contatto con le profondit\u00e0 dell'essenza fondamentale dell'esistenza. ... La luce genuina non ha bisogno prima del riconoscimento degli uomini, anzi si vergogna quasi del suo splendore\".<br>\u2014 dall'introduzione del <\/mark><a href=\"https:\/\/it.wikipedia.org\/wiki\/Daodejing\" target=\"_blank\" rel=\"noreferrer noopener\"><em><mark style=\"background-color:rgba(0, 0, 0, 0);color:#f7b320\" class=\"has-inline-color\">Daodejing<\/mark><\/em><\/a><mark style=\"background-color:rgba(0, 0, 0, 0);color:#f7b320\" class=\"has-inline-color\"> \u9053\u5fb7\u7ecf di Laozi (edizione Diederichs 1972, p. 20)<\/mark><\/p>\n\n\n\n<h2 class=\"wp-block-heading\"><mark style=\"background-color:rgba(0, 0, 0, 0);color:#f7b320\" class=\"has-inline-color\">Chiarimento dello scopo<\/mark><\/h2>\n\n\n\n<p><mark style=\"background-color:rgba(0, 0, 0, 0);color:#f7b320\" class=\"has-inline-color\">Come dichiarato sulla <\/mark><a href=\"https:\/\/tonalibus.org\/it\/\"><mark style=\"background-color:rgba(0, 0, 0, 0);color:#f7b320\" class=\"has-inline-color\">pagina di inizio<\/mark><\/a><mark style=\"background-color:rgba(0, 0, 0, 0);color:#f7b320\" class=\"has-inline-color\">, lo scopo di Tonalibus \u00e8 quello di fornire una panoramica e un riferimento delle <\/mark><a href=\"https:\/\/tonalibus.org\/it\/tonalities\/\"><mark style=\"background-color:rgba(0, 0, 0, 0);color:#f7b320\" class=\"has-inline-color\">tonalit\u00e0 ancorate<\/mark><\/a><mark style=\"background-color:rgba(0, 0, 0, 0);color:#f7b320\" class=\"has-inline-color\"> e le loro intrinseche qualit\u00e0 armoniche per l'uso pratico \u2013 per toccare, elevare, purificare e guarire, come espressione dell'inesprimibile \u2013 per andare <\/mark><a href=\"https:\/\/tonalibus.org\/it\/2020\/12\/25\/beyond-duality\/\"><mark style=\"background-color:rgba(0, 0, 0, 0);color:#f7b320\" class=\"has-inline-color\">oltre la dualit\u00e0<\/mark><\/a><mark style=\"background-color:rgba(0, 0, 0, 0);color:#f7b320\" class=\"has-inline-color\">. <\/mark><\/p>\n\n\n\n<p><mark style=\"background-color:rgba(0, 0, 0, 0);color:#f7b320\" class=\"has-inline-color\">Il focus di Tonalibus \u00e8 sulle qualit\u00e0 del suono, dell'armonia e delle tonalit\u00e0 \u2013 nella musica e anche nella vita. Lo scopo \u00e8 quello di cogliere, esprimere e condividere tali qualit\u00e0 al meglio delle mie capacit\u00e0. Mostrare l'eccellenza artistica non \u00e8 ci\u00f2 che io, <\/mark><a href=\"https:\/\/tonalibus.org\/it\/about-tonalibus\/ulrico\/\"><mark style=\"background-color:rgba(0, 0, 0, 0);color:#f7b320\" class=\"has-inline-color\">Ulrico<\/mark><\/a><mark style=\"background-color:rgba(0, 0, 0, 0);color:#f7b320\" class=\"has-inline-color\">, cerco. N\u00e9 si tratta di rivendicare futili nozioni proprietarie o di maestria in tali contesti. Il suono e l'armonia sono qualit\u00e0 universali accessibili e condivise liberamente tra tutti. <\/mark><\/p>\n\n\n\n<p><span style=\"color:#f7b320\" class=\"has-inline-color\">Come chiarimento dello scopo, la mia personale speranza e scopo con Tonalibus \u00e8 semplicemente di fornire un utile riferimento di tonalit\u00e0, cos\u00ec come di ispirarti e motivarti potenzialmente a guardare e lavorare nei tuoi modi individuali con il suono e l'armonia, ancorato nella libert\u00e0 spirituale. Dopo tutto, questo \u00e8 ci\u00f2 che pu\u00f2 e mi porta da un momento all'altro, ogni giorno!<\/span><\/p>\n\n\n\n<div style=\"height:24px\" aria-hidden=\"true\" class=\"wp-block-spacer\"><\/div>\n\n\n\n<div class=\"wp-block-image\"><figure class=\"aligncenter size-large\"><img loading=\"lazy\" decoding=\"async\" width=\"158\" height=\"112\" src=\"https:\/\/tonalibus.org\/wp-content\/uploads\/2020\/06\/Uli-smily-1.jpg\" alt=\"Uli smiley - Clarification of Purpose\" class=\"wp-image-353\"\/><\/figure><\/div>","protected":false},"excerpt":{"rendered":"<p>\"Un essere riceve il vero valore dal fatto che \u00e8 in grado di brillare di luce propria come risultato del suo contatto con le profondit\u00e0 dell'essenza fondamentale dell'esistenza. ... La luce autentica non ha bisogno del riconoscimento degli uomini, anzi quasi si vergogna del suo splendore\" - dall'introduzione ... <\/p>\n<p class=\"link-more\"><a href=\"https:\/\/tonalibus.org\/it\/start\/practical-use-and-purpose\/clarification-of-purpose\/\" class=\"more-link\">Leggi tutto<span class=\"screen-reader-text\"> \"Chiarimento dello scopo\"<\/span><\/a><\/p>","protected":false},"author":1,"featured_media":0,"parent":106,"menu_order":0,"comment_status":"closed","ping_status":"closed","template":"","meta":{"footnotes":""},"class_list":["post-9169","page","type-page","status-publish","hentry"],"yoast_head":"<!-- This site is optimized with the Yoast SEO plugin v27.5 - https:\/\/yoast.com\/product\/yoast-seo-wordpress\/ -->\n<title>Clarification of Purpose &#8211; TONALIBUS, Harmony and Tonalities<\/title>\n<meta name=\"description\" content=\"Clarification of Purpose: The purpose of Tonalibus is to provide an overview and reference of anchored tonalities and harmony.\" \/>\n<meta name=\"robots\" content=\"index, follow, max-snippet:-1, max-image-preview:large, max-video-preview:-1\" \/>\n<link rel=\"canonical\" href=\"https:\/\/tonalibus.org\/it\/start\/practical-use-and-purpose\/clarification-of-purpose\/\" \/>\n<meta property=\"og:locale\" content=\"it_IT\" \/>\n<meta property=\"og:type\" content=\"article\" \/>\n<meta property=\"og:title\" content=\"Clarification of Purpose &#8211; TONALIBUS, Harmony and Tonalities\" \/>\n<meta property=\"og:description\" content=\"Clarification of Purpose: The purpose of Tonalibus is to provide an overview and reference of anchored tonalities and harmony.\" \/>\n<meta property=\"og:url\" content=\"https:\/\/tonalibus.org\/it\/start\/practical-use-and-purpose\/clarification-of-purpose\/\" \/>\n<meta property=\"og:site_name\" content=\"TONALIBUS\" \/>\n<meta property=\"article:modified_time\" content=\"2022-03-03T15:23:13+00:00\" \/>\n<meta property=\"og:image\" content=\"https:\/\/tonalibus.org\/wp-content\/uploads\/2020\/06\/Uli-smily-1.jpg\" \/>\n<meta name=\"twitter:card\" content=\"summary_large_image\" \/>\n<meta name=\"twitter:label1\" content=\"Tempo di lettura stimato\" \/>\n\t<meta name=\"twitter:data1\" content=\"2 minuti\" \/>\n<script type=\"application\/ld+json\" class=\"yoast-schema-graph\">{\"@context\":\"https:\\\/\\\/schema.org\",\"@graph\":[{\"@type\":\"WebPage\",\"@id\":\"https:\\\/\\\/tonalibus.org\\\/start\\\/practical-use-and-purpose\\\/clarification-of-purpose\\\/\",\"url\":\"https:\\\/\\\/tonalibus.org\\\/start\\\/practical-use-and-purpose\\\/clarification-of-purpose\\\/\",\"name\":\"Clarification of Purpose &#8211; TONALIBUS, Harmony and Tonalities\",\"isPartOf\":{\"@id\":\"https:\\\/\\\/tonalibus.org\\\/de\\\/#website\"},\"primaryImageOfPage\":{\"@id\":\"https:\\\/\\\/tonalibus.org\\\/start\\\/practical-use-and-purpose\\\/clarification-of-purpose\\\/#primaryimage\"},\"image\":{\"@id\":\"https:\\\/\\\/tonalibus.org\\\/start\\\/practical-use-and-purpose\\\/clarification-of-purpose\\\/#primaryimage\"},\"thumbnailUrl\":\"https:\\\/\\\/tonalibus.org\\\/wp-content\\\/uploads\\\/2020\\\/06\\\/Uli-smily-1.jpg\",\"datePublished\":\"2021-03-01T09:41:39+00:00\",\"dateModified\":\"2022-03-03T15:23:13+00:00\",\"description\":\"Clarification of Purpose: The purpose of Tonalibus is to provide an overview and reference of anchored tonalities and harmony.\",\"breadcrumb\":{\"@id\":\"https:\\\/\\\/tonalibus.org\\\/start\\\/practical-use-and-purpose\\\/clarification-of-purpose\\\/#breadcrumb\"},\"inLanguage\":\"it-IT\",\"potentialAction\":[{\"@type\":\"ReadAction\",\"target\":[\"https:\\\/\\\/tonalibus.org\\\/start\\\/practical-use-and-purpose\\\/clarification-of-purpose\\\/\"]}]},{\"@type\":\"ImageObject\",\"inLanguage\":\"it-IT\",\"@id\":\"https:\\\/\\\/tonalibus.org\\\/start\\\/practical-use-and-purpose\\\/clarification-of-purpose\\\/#primaryimage\",\"url\":\"https:\\\/\\\/tonalibus.org\\\/wp-content\\\/uploads\\\/2020\\\/06\\\/Uli-smily-1.jpg\",\"contentUrl\":\"https:\\\/\\\/tonalibus.org\\\/wp-content\\\/uploads\\\/2020\\\/06\\\/Uli-smily-1.jpg\"},{\"@type\":\"BreadcrumbList\",\"@id\":\"https:\\\/\\\/tonalibus.org\\\/start\\\/practical-use-and-purpose\\\/clarification-of-purpose\\\/#breadcrumb\",\"itemListElement\":[{\"@type\":\"ListItem\",\"position\":1,\"name\":\"Home\",\"item\":\"https:\\\/\\\/tonalibus.org\\\/\"},{\"@type\":\"ListItem\",\"position\":2,\"name\":\"Start\",\"item\":\"https:\\\/\\\/tonalibus.org\\\/\"},{\"@type\":\"ListItem\",\"position\":3,\"name\":\"Practical Use and Purpose\",\"item\":\"https:\\\/\\\/tonalibus.org\\\/start\\\/practical-use-and-purpose\\\/\"},{\"@type\":\"ListItem\",\"position\":4,\"name\":\"Clarification of Purpose\"}]},{\"@type\":\"WebSite\",\"@id\":\"https:\\\/\\\/tonalibus.org\\\/de\\\/#website\",\"url\":\"https:\\\/\\\/tonalibus.org\\\/de\\\/\",\"name\":\"TONALIBUS\",\"description\":\"Anchored Harmony and Tonalities\",\"publisher\":{\"@id\":\"https:\\\/\\\/tonalibus.org\\\/de\\\/#\\\/schema\\\/person\\\/749261d7bc96d1f00127273f83ab96a4\"},\"potentialAction\":[{\"@type\":\"SearchAction\",\"target\":{\"@type\":\"EntryPoint\",\"urlTemplate\":\"https:\\\/\\\/tonalibus.org\\\/de\\\/?s={search_term_string}\"},\"query-input\":{\"@type\":\"PropertyValueSpecification\",\"valueRequired\":true,\"valueName\":\"search_term_string\"}}],\"inLanguage\":\"it-IT\"},{\"@type\":[\"Person\",\"Organization\"],\"@id\":\"https:\\\/\\\/tonalibus.org\\\/de\\\/#\\\/schema\\\/person\\\/749261d7bc96d1f00127273f83ab96a4\",\"name\":\"Ulrico\",\"image\":{\"@type\":\"ImageObject\",\"inLanguage\":\"it-IT\",\"@id\":\"https:\\\/\\\/tonalibus.org\\\/wp-content\\\/uploads\\\/2020\\\/06\\\/uli-pix.jpg\",\"url\":\"https:\\\/\\\/tonalibus.org\\\/wp-content\\\/uploads\\\/2020\\\/06\\\/uli-pix.jpg\",\"contentUrl\":\"https:\\\/\\\/tonalibus.org\\\/wp-content\\\/uploads\\\/2020\\\/06\\\/uli-pix.jpg\",\"width\":960,\"height\":720,\"caption\":\"Ulrico\"},\"logo\":{\"@id\":\"https:\\\/\\\/tonalibus.org\\\/wp-content\\\/uploads\\\/2020\\\/06\\\/uli-pix.jpg\"},\"sameAs\":[\"https:\\\/\\\/tonalibus.cyon.site\"]}]}<\/script>\n<!-- \/ Yoast SEO plugin. -->","yoast_head_json":{"title":"Chiarimento dello scopo - TONALIBUS, Armonia e Tonalit\u00e0","description":"Chiarimento dello scopo: lo scopo di Tonalibus \u00e8 quello di fornire una panoramica e un riferimento delle tonalit\u00e0 ancorate e dell'armonia.","robots":{"index":"index","follow":"follow","max-snippet":"max-snippet:-1","max-image-preview":"max-image-preview:large","max-video-preview":"max-video-preview:-1"},"canonical":"https:\/\/tonalibus.org\/it\/start\/practical-use-and-purpose\/clarification-of-purpose\/","og_locale":"it_IT","og_type":"article","og_title":"Clarification of Purpose &#8211; TONALIBUS, Harmony and Tonalities","og_description":"Clarification of Purpose: The purpose of Tonalibus is to provide an overview and reference of anchored tonalities and harmony.","og_url":"https:\/\/tonalibus.org\/it\/start\/practical-use-and-purpose\/clarification-of-purpose\/","og_site_name":"TONALIBUS","article_modified_time":"2022-03-03T15:23:13+00:00","og_image":[{"url":"https:\/\/tonalibus.org\/wp-content\/uploads\/2020\/06\/Uli-smily-1.jpg","type":"","width":"","height":""}],"twitter_card":"summary_large_image","twitter_misc":{"Tempo di lettura stimato":"2 minuti"},"schema":{"@context":"https:\/\/schema.org","@graph":[{"@type":"WebPage","@id":"https:\/\/tonalibus.org\/start\/practical-use-and-purpose\/clarification-of-purpose\/","url":"https:\/\/tonalibus.org\/start\/practical-use-and-purpose\/clarification-of-purpose\/","name":"Chiarimento dello scopo - TONALIBUS, Armonia e Tonalit\u00e0","isPartOf":{"@id":"https:\/\/tonalibus.org\/de\/#website"},"primaryImageOfPage":{"@id":"https:\/\/tonalibus.org\/start\/practical-use-and-purpose\/clarification-of-purpose\/#primaryimage"},"image":{"@id":"https:\/\/tonalibus.org\/start\/practical-use-and-purpose\/clarification-of-purpose\/#primaryimage"},"thumbnailUrl":"https:\/\/tonalibus.org\/wp-content\/uploads\/2020\/06\/Uli-smily-1.jpg","datePublished":"2021-03-01T09:41:39+00:00","dateModified":"2022-03-03T15:23:13+00:00","description":"Chiarimento dello scopo: lo scopo di Tonalibus \u00e8 quello di fornire una panoramica e un riferimento delle tonalit\u00e0 ancorate e dell'armonia.","breadcrumb":{"@id":"https:\/\/tonalibus.org\/start\/practical-use-and-purpose\/clarification-of-purpose\/#breadcrumb"},"inLanguage":"it-IT","potentialAction":[{"@type":"ReadAction","target":["https:\/\/tonalibus.org\/start\/practical-use-and-purpose\/clarification-of-purpose\/"]}]},{"@type":"ImageObject","inLanguage":"it-IT","@id":"https:\/\/tonalibus.org\/start\/practical-use-and-purpose\/clarification-of-purpose\/#primaryimage","url":"https:\/\/tonalibus.org\/wp-content\/uploads\/2020\/06\/Uli-smily-1.jpg","contentUrl":"https:\/\/tonalibus.org\/wp-content\/uploads\/2020\/06\/Uli-smily-1.jpg"},{"@type":"BreadcrumbList","@id":"https:\/\/tonalibus.org\/start\/practical-use-and-purpose\/clarification-of-purpose\/#breadcrumb","itemListElement":[{"@type":"ListItem","position":1,"name":"Home","item":"https:\/\/tonalibus.org\/"},{"@type":"ListItem","position":2,"name":"Start","item":"https:\/\/tonalibus.org\/"},{"@type":"ListItem","position":3,"name":"Practical Use and Purpose","item":"https:\/\/tonalibus.org\/start\/practical-use-and-purpose\/"},{"@type":"ListItem","position":4,"name":"Clarification of Purpose"}]},{"@type":"WebSite","@id":"https:\/\/tonalibus.org\/de\/#website","url":"https:\/\/tonalibus.org\/de\/","name":"TONALIBUS","description":"Armonia e tonalit\u00e0 ancorate","publisher":{"@id":"https:\/\/tonalibus.org\/de\/#\/schema\/person\/749261d7bc96d1f00127273f83ab96a4"},"potentialAction":[{"@type":"SearchAction","target":{"@type":"EntryPoint","urlTemplate":"https:\/\/tonalibus.org\/de\/?s={search_term_string}"},"query-input":{"@type":"PropertyValueSpecification","valueRequired":true,"valueName":"search_term_string"}}],"inLanguage":"it-IT"},{"@type":["Person","Organization"],"@id":"https:\/\/tonalibus.org\/de\/#\/schema\/person\/749261d7bc96d1f00127273f83ab96a4","name":"Ulrico","image":{"@type":"ImageObject","inLanguage":"it-IT","@id":"https:\/\/tonalibus.org\/wp-content\/uploads\/2020\/06\/uli-pix.jpg","url":"https:\/\/tonalibus.org\/wp-content\/uploads\/2020\/06\/uli-pix.jpg","contentUrl":"https:\/\/tonalibus.org\/wp-content\/uploads\/2020\/06\/uli-pix.jpg","width":960,"height":720,"caption":"Ulrico"},"logo":{"@id":"https:\/\/tonalibus.org\/wp-content\/uploads\/2020\/06\/uli-pix.jpg"},"sameAs":["https:\/\/tonalibus.cyon.site"]}]}},"_links":{"self":[{"href":"https:\/\/tonalibus.org\/it\/wp-json\/wp\/v2\/pages\/9169","targetHints":{"allow":["GET"]}}],"collection":[{"href":"https:\/\/tonalibus.org\/it\/wp-json\/wp\/v2\/pages"}],"about":[{"href":"https:\/\/tonalibus.org\/it\/wp-json\/wp\/v2\/types\/page"}],"author":[{"embeddable":true,"href":"https:\/\/tonalibus.org\/it\/wp-json\/wp\/v2\/users\/1"}],"replies":[{"embeddable":true,"href":"https:\/\/tonalibus.org\/it\/wp-json\/wp\/v2\/comments?post=9169"}],"version-history":[{"count":0,"href":"https:\/\/tonalibus.org\/it\/wp-json\/wp\/v2\/pages\/9169\/revisions"}],"up":[{"embeddable":true,"href":"https:\/\/tonalibus.org\/it\/wp-json\/wp\/v2\/pages\/106"}],"wp:attachment":[{"href":"https:\/\/tonalibus.org\/it\/wp-json\/wp\/v2\/media?parent=9169"}],"curies":[{"name":"wp","href":"https:\/\/api.w.org\/{rel}","templated":true}]}}